{"id":784,"date":"2023-03-03T13:34:58","date_gmt":"2023-03-03T12:34:58","guid":{"rendered":"https:\/\/rayner.com\/de\/?page_id=784"},"modified":"2023-03-03T13:34:58","modified_gmt":"2023-03-03T12:34:58","slug":"nutzungsbedingungen","status":"publish","type":"page","link":"https:\/\/rayner.com\/de\/nutzungsbedingungen\/","title":{"rendered":"Nutzungsbedingungen"},"content":{"rendered":"<h2>Nutzungsbedingungen<\/h2>\n<h3><\/h3>\n<p>&nbsp;<\/p>\n<h3>BITTE LESEN SIE DIESE NUTZUNGSBEDINGUNGEN VOR DER VERWENDUNG DIESER WEBSITE AUFMERKSAM<\/h3>\n<p>&nbsp;<\/p>\n<p>Die Inhalte der Website www.rayner.com\/de (\u201edie Website\u201c) werden von Rayner (\u201eRayner\u201d) erstellt und verwaltet.<\/p>\n<p>Diese Nutzungsbedingungen enthalten wichtige Informationen und erl\u00e4utern Ihre Rechte und Pflichten als Nutzer dieser Website.<\/p>\n<p>&nbsp;<\/p>\n<p><strong>1.\u00a0Zweck und Wirkung<\/strong><\/p>\n<p>Diese Nutzungsbedingungen sind rechtsverbindlich und legen die Rechte und Pflichten von Rayner (\u201ewir\u201d oder \u201euns\u201d) und von Ihnen als Nutzer im Zusammenhang mit Ihrer Nutzung der Website und jeglichen dar\u00fcber angebotenen Dienstleistungen dar.<\/p>\n<p>Durch Ihre Registrierung bei uns und\/oder durch die Nutzung der Website erkl\u00e4ren Sie sich mit den Nutzungsbedingungen einverstanden. Wenn Sie diesen Nutzungsbedingungen nicht zustimmen, d\u00fcrfen Sie die Website nicht nutzen.<\/p>\n<p>Wir \u00e4ndern die Nutzungsbedingungen bei Bedarf. Pr\u00fcfen Sie bitte regelm\u00e4\u00dfig die Nutzungsbedingungen auf m\u00f6gliche \u00c4nderungen, da diese f\u00fcr Sie verbindlich sind. Ihre weitere Nutzung der Website gilt als Einverst\u00e4ndniserkl\u00e4rung mit den vorgenommenen \u00c4nderungen. Es liegt in Ihrer Verantwortung, \u00c4nderungen in diesen Nutzungsbedingungen in Erfahrung zu bringen, zu lesen und zu verstehen.<\/p>\n<p>&nbsp;<\/p>\n<p><strong>2.\u00a0<\/strong><strong>Sonstige anwendbare Bedingungen<\/strong><\/p>\n<p>Diese Nutzungsbedingungen beziehen sich auf folgende zus\u00e4tzliche Bedingungen, die auch f\u00fcr die Nutzung der Website gelten:<\/p>\n<ul>\n<li>Unsere Datenschutzrichtlinien, in denen die Bedingungen erl\u00e4utert werden, nach denen wir die von Ihnen erfassten oder bereitgestellten personenbezogenen Daten verarbeiten. Durch die Verwendung der Website erkl\u00e4ren Sie sich mit der Verarbeitung Ihrer Daten einverstanden und best\u00e4tigen, dass die von Ihnen gemachten Angaben richtig sind.<\/li>\n<li>Unsere Cookie-Richtlinie, die Informationen zur Verwendung von Cookies auf der Website enth\u00e4lt.<\/li>\n<\/ul>\n<p>&nbsp;<\/p>\n<p><strong>3.\u00a0<\/strong><strong>Informationen \u00fcber uns<\/strong><\/p>\n<p>Rayner ist in England und Wales mit der Firmennummer 00615539 eingetragen und unser eingetragener Firmensitz befindet sich in 10 Dominion Way, Worthing, West Sussex, BN14 8AQ.Q.<\/p>\n<p>&nbsp;<\/p>\n<p><strong>4.\u00a0<\/strong><strong>Missbr\u00e4uchliche Nutzung der Website<\/strong><\/p>\n<p>Wir k\u00f6nnen Ihre Nutzung der Website unterbrechen oder sofort beenden, wenn Sie diese unserer Meinung nach missbr\u00e4uchlich nutzen oder anderweitig gegen diese Nutzungsbedingungen versto\u00dfen, einschlie\u00dflich aber ohne Beschr\u00e4nkung auf folgende widrige Nutzungen:<\/p>\n<p>Nicht erlaubt sind:<\/p>\n<ul>\n<li>\u00c4nderungen, Anpassungen, die Vergabe von Unterlizenzen, die \u00dcbersetzung, der Verkauf oder Wiederverkauf, die Weiterverbreitung, R\u00fcckentwicklung, Dekompilierung oder Disassemblierung der Website oder Teilen davon.<\/li>\n<li>Die Ver\u00f6ffentlichung, Speicherung oder \u00dcbertragung von rechtswidrigen, drohenden, verleumderischen, anst\u00f6\u00dfigen, obsz\u00f6nen, pornographischen, profanen oder (nach unserem Ermessen ) anderweitig ungeh\u00f6rigen oder verwerflichen Informationen oder Materialien.<\/li>\n<li>Die Ver\u00f6ffentlichung, Speicherung oder \u00dcbertragung von Informationen oder Materialien, die eine Straftat darstellen oder darstellen k\u00f6nnten oder die anderweitig gegen die Gesetze versto\u00dfen.<\/li>\n<li>Die Ver\u00f6ffentlichung oder \u00dcbertragung von Werbung, verkaufsf\u00f6rdernden Inhalten oder das Annoncieren von Waren und Dienstleistungen ohne unser ausdr\u00fcckliches Einverst\u00e4ndnis.<\/li>\n<li>Die St\u00f6rung (oder der Versuch einer St\u00f6rung) der normalen Funktion der Website. Eine solche St\u00f6rung umfasst die St\u00f6rung, Verhinderung oder Umgehung von Sicherheitsfunktionen auf der Website oder der Versuch, dies zu tun.<\/li>\n<li>Die Nutzung der Website f\u00fcr rechtswidrige Zwecke.<\/li>\n<li>Die Verwendung der Website zur Ver\u00f6ffentlichung, Speicherung oder \u00dcbertragung von Informationen oder Software, die einen Virus, einen Wurm, einen Trojaner oder andere sch\u00e4dliche oder st\u00f6rende Elemente enthalten.<\/li>\n<li>Der Missbrauch einer E-Mail-Funktion, die auf der oder \u00fcber die Website verf\u00fcgbar ist.<\/li>\n<\/ul>\n<p>&nbsp;<\/p>\n<p><strong>5.\u00a0<\/strong><strong>Links zu anderen Websites<\/strong><\/p>\n<p>Diese Website kann Links oder Verweise auf andere Websites oder Quellen enthalten. Wir kontrollieren oder bef\u00fcrworten andere Websites nicht, es sei denn, es wird ausdr\u00fccklich darauf hingewiesen. Der Inhalt dieser Websites wird nicht von uns gepr\u00fcft oder bef\u00fcrwortet.<\/p>\n<p>Sie erkl\u00e4ren sich damit einverstanden, dass wir nicht f\u00fcr die Rechtm\u00e4\u00dfigkeit, Genauigkeit oder unangemessene Natur anderer Inhalte, Werbeanzeigen, Produkte, Dienstleistungen oder Informationen haften, die auf oder \u00fcber andere Websites zug\u00e4nglich sind, noch haften wir f\u00fcr Verluste oder Sch\u00e4den, die sich tats\u00e4chlich oder angeblich durch die Nutzung oder das Vertrauen in diese Inhalte ergeben haben.<\/p>\n<p>&nbsp;<\/p>\n<p><strong>6.\u00a0<\/strong><strong>Verlinkung auf die Website<\/strong><\/p>\n<p>Sie d\u00fcrfen unsere Website ohne unser vorheriges Einverst\u00e4ndnis nicht verlinken. Aus der Verlinkung darf keine Art der Verbindung, Billigung oder Bef\u00fcrwortung Ihrer Seite durch uns hervorgehen, wenn dies nicht der Fall ist.<\/p>\n<p>Verlinkungen auf die Website d\u00fcrfen nur von Websites vorgenommen werden, die sich in Ihrem Eigentum befinden.<\/p>\n<p>Die Website darf nicht als Daten\u00fcbertragungsblock (Frame) auf anderen Websites erscheinen, weiterhin ist die Verlinkung ausschlie\u00dflich auf die Startseite der Website zul\u00e4ssig.<\/p>\n<p>Wir behalten uns das Recht vor, die Erlaubnis zur Verlinkung ohne Vorank\u00fcndigung zu entziehen.<\/p>\n<p>Sollten Sie die Inhalte der Website in anderer Form als hierunter beschrieben, verwenden wollen, schreiben Sie uns an\u00a0<a href=\"mailto:iol_enquiries@rayner.com\">iol_enquiries@rayner.com<\/a>.<\/p>\n<p>&nbsp;<\/p>\n<p><strong>7.\u00a0<\/strong><strong>Haftungsausschluss<\/strong><\/p>\n<p>Die Website, die Inhalte der Website und die Produkte und Dienstleistungen, die \u00fcber diese Website erh\u00e4ltlich sind oder zug\u00e4nglich gemacht werden, werden von uns ohne jegliche ausdr\u00fcckliche oder stillschweigende Zusicherungen oder Garantien bereitgestellt.<\/p>\n<p>In dem nach anwendbarem Recht gr\u00f6\u00dftm\u00f6glichem Umfang schlie\u00dft Rayner alle ausdr\u00fccklichen, stillschweigenden oder gesetzlichen Garantien aus, die sich auf die Angemessenheit, Genauigkeit oder Vollst\u00e4ndigkeit der Informationen auf dieser Website oder m\u00f6glicherweise enthaltenen Sch\u00e4den oder Viren bezieht.<\/p>\n<p>Sie \u00fcbernehmen die volle Verantwortung und volles Risiko f\u00fcr die Nutzung dieser Website und das Vertrauen, das Sie in die Website oder die darin enthaltenen Informationen oder Materialien setzen.<\/p>\n<p>&nbsp;<\/p>\n<p><strong>8.\u00a0<\/strong><strong>Haftungsbeschr\u00e4nkung<\/strong><\/p>\n<p>Die Website und ihre Inhalte werden kostenfrei f\u00fcr Sie bereitgestellt. Rayner schlie\u00dft ausdr\u00fccklich die Haftung f\u00fcr Folgendes aus:<\/p>\n<ul>\n<li>Ein m\u00f6glicher Fehler von Rayner bei der Gew\u00e4hrleistung, dass nicht gegen die Rechte geistigen Eigentums Dritter versto\u00dfen wird.<\/li>\n<li>Betrug durch einen Nutzer der Website.<\/li>\n<li>Einen Link auf der Website zu einer anderen Website oder einem Teil des Internets.<\/li>\n<li>Verluste oder Sch\u00e4den, die sich durch Fehler, Verz\u00f6gerungen oder Ausf\u00e4lle der Website oder durch eine ausbleibende Funktion des Internets ergeben.<\/li>\n<\/ul>\n<p>Keine Inhalte dieser Nutzungsbedingungen beabsichtigen, die Gew\u00e4hrleistungspflicht von Rayner einzuschr\u00e4nken oder auszuschlie\u00dfen, wenn eine solche Einschr\u00e4nkung oder ein solcher Ausschluss durch das geltende Gesetz verboten sind. Die gesetzlichen Rechte der Verbraucher, die diese Website nutzen, bleiben unber\u00fchrt.<\/p>\n<p>Rayner ist nicht verantwortlich oder haftbar f\u00fcr Neben- oder Folgesch\u00e4den, besondere Sch\u00e4den, Strafe einschlie\u00dfenden Schadenersatz oder sonstige Sch\u00e4den im Zusammenhang mit Vertr\u00e4gen, Fahrl\u00e4ssigkeiten oder einer Gef\u00e4hrdungshaftung, die sich in jeglicher Form aus oder im Zusammenhang mit der Website und\/oder ihren Inhalten ergibt.<\/p>\n<p>Rayner haftet nicht f\u00fcr Verluste oder Sch\u00e4den, die durch einen Virus oder verteilte \u00dcberlastangriffe (DDoS) oder sonstiges, technologisch sch\u00e4dliches Material verursacht werden, die Ihre Computerger\u00e4te, Computerprogramme, Daten oder anderes urheberrechtlich gesch\u00fctztes Material aufgrund Ihrer Nutzung der Website befallen oder durch den Download von Inhalten von der Website oder anderer, dar\u00fcber verlinkter Websites.<\/p>\n<p>Rayner \u00fcbernimmt keine Verantwortung f\u00fcr den Inhalt von Websites, die auf der Website verlinkt sind. Verlinkungen sind nicht als Bef\u00fcrwortungen der verlinkten Websites durch uns zu verstehen, es sei denn, es wird ausdr\u00fccklich darauf hingewiesen. Wir haften nicht f\u00fcr Verluste oder Sch\u00e4den, die sich aus Ihrer Nutzung dieser Websites ergeben.<\/p>\n<p>Ihr einziges Rechtsmittel in Bezug auf Unzufriedenheiten mit der Website ist, die Nutzung einzustellen.<\/p>\n<p>&nbsp;<\/p>\n<p><strong>9.\u00a0<\/strong><strong>Eigentum und Nutzungsbeschr\u00e4nkung der Website<\/strong><\/p>\n<p>Wir sind der Eigent\u00fcmer bzw. Lizenzinhaber aller geistigen Eigentumsrechte an der Website und ihrer Inhalte. Diese Inhalte sind durch Urheberrechtsgesetze und Abkommen weltweit gesch\u00fctzt. All unsere Rechte sind in diesem Zusammenhang ausdr\u00fccklich gesch\u00fctzt.<\/p>\n<p>Sie haben das Recht, f\u00fcr Ihren privaten Gebrauch eine Kopie auszudrucken und Teile von Seiten der Website herunterzuladen, weiterhin k\u00f6nnen Sie andere Mitarbeiter Ihrer Einrichtung auf Inhalte der Website aufmerksam machen.<\/p>\n<p>Es ist allerdings nicht gestattet, die ausgedruckten oder heruntergeladenen Kopien in Papier- oder Digitalformat in irgendeiner Form zu ver\u00e4ndern. Ebenso wenig d\u00fcrfen Abbildungen, Fotos, Video- oder Audiosequenzen sowie Grafiken von Rayner getrennt vom begleitenden Text verwendet werden. Inhalte von Rayner d\u00fcrfen nicht ohne unsere ausdr\u00fcckliche schriftliche Einverst\u00e4ndniserkl\u00e4rung abgedruckt, neu ver\u00f6ffentlicht oder weiterverbreitet werden.<\/p>\n<p>Unser Status (und der anderer identifizierter Mitwirkender) als Autoren des Inhalts auf dieser Website muss jederzeit anerkannt werden. Alle Haftungsausschl\u00fcsse auf der Website m\u00fcssen entsprechend wiedergegeben werden.<\/p>\n<p>Sie d\u00fcrfen die Inhalte der Website oder Teile davon nicht f\u00fcr gewerbliche Zwecke nutzen, ohne daf\u00fcr eine entsprechende Lizenz von uns oder unseren Lizenzgebern erhalten zu haben.<\/p>\n<p>Sollten Sie Teile dieser Website unter Versto\u00df gegen diese Nutzungsbedingungen abdrucken, kopieren oder herunterladen, so erlischt Ihr Recht zur Nutzung unserer Website unverz\u00fcglich und Sie m\u00fcssen nach unserer Ma\u00dfgabe jegliche von Ihnen erstellten Kopien der Materialien zur\u00fcckgeben oder vernichten.<\/p>\n<p>&nbsp;<\/p>\n<p><strong>10.\u00a0<\/strong><strong>Keine Zusicherung der Verl\u00e4sslichkeit von Informationen<\/strong><\/p>\n<p>Der Inhalt dieser Website wird zur allgemeinen Information bereitgestellt. Die Angaben erfolgen ohne Gew\u00e4hr und sind nicht als verl\u00e4ssliche Ratschl\u00e4ge anzusehen. Wir bitten Sie, professionelle oder fachm\u00e4nnische Beratung einzuholen, bevor Sie auf der Grundlage der Inhalte dieser Website Entscheidungen treffen.<\/p>\n<p>Auch wenn wir angemessene Bem\u00fchungen unternehmen, die Informationen auf der Website zu aktualisieren, k\u00f6nnen wir keine ausdr\u00fccklichen oder stillschweigenden Zusicherungen, Gew\u00e4hrleistungen oder Garantien daf\u00fcr \u00fcbernehmen, dass der Inhalt der Website fehlerfrei, vollst\u00e4ndig oder aktualisiert ist oder dem jeweils geltenden Recht des Landes, aus dem Sie auf die Website zugreifen, entspricht.<\/p>\n<p>&nbsp;<\/p>\n<p><strong>11.\u00a0<\/strong><strong>Marken<\/strong><\/p>\n<p>Rayner, Rayner Surgical und Rayner Intraocular Lenses sind Namen oder Handelsnamen von Unternehmen, die der Unternehmensgruppe Rayner angeh\u00f6ren.<\/p>\n<p>Rayner, Sulcoflex Trifocal und die Logos von Rayner und Sulcoflex Trifocal sind Handelsmarken und\/oder Dienstleistungsmarken von Rayner.<\/p>\n<p>Diese Nutzungsbedingungen geben Ihnen in keiner Weise das Recht, die Handelsmarken, Dienstleistungsmarken, Logos und\/oder Handelsnamen von Rayner in irgendeiner Form zu verwenden.<\/p>\n<p>&nbsp;<\/p>\n<p><strong>12.\u00a0<\/strong><strong>Viren<\/strong><\/p>\n<p>Wir k\u00f6nnen nicht garantieren, dass die Website sicher oder frei von Viren und Fehlern ist.<\/p>\n<p>Sie sind f\u00fcr die Konfiguration Ihrer Informationstechnologie, Computerprogramme und Plattform verantwortlich, um auf die Website zuzugreifen. Dabei sollten Sie Ihre eigene Virenschutzsoftware verwenden.<\/p>\n<p>Es ist untersagt, die Website durch das wissentliche Einschleusen von Viren, Trojanern, W\u00fcrmern, Logikbomben sowie anderer Malware oder technologisch sch\u00e4dlichem Material missbr\u00e4uchlich zu verwenden. Sie d\u00fcrfen sich nicht unbefugten Zutritt zur Website, zum Server, auf dem die Website gespeichert ist oder jedem anderen Server, Computer oder Datenbank in Verbindung mit der Website verschaffen. Sie d\u00fcrfen die Website nicht mit einem \u00dcberlastangriff (DoS) oder verteilten \u00dcberlastangriff (DDoS) sabotieren. Durch den Versto\u00df gegen diese Bestimmung machen Sie sich gem\u00e4\u00df dem britischen Computermissbrauchsgesetz von 1990 strafbar. Wir werden einen solchen Versto\u00df den zust\u00e4ndigen Vollzugsbeh\u00f6rden melden und mit diesen Beh\u00f6rden zusammenarbeiten, indem wir Ihre Identit\u00e4t offenlegen. Als Folge eines solchen Versto\u00dfes erlischt Ihr Recht zur Nutzung der Website unverz\u00fcglich.<\/p>\n<p>&nbsp;<\/p>\n<p><strong>13.\u00a0<\/strong><strong>\u00c4nderungen an der Website<\/strong><\/p>\n<p>Diese Website wird von Zeit zu Zeit aktualisiert und ihre Inhalte k\u00f6nnen sich \u00e4ndern. Beachten Sie bitte, dass unter Umst\u00e4nden Inhalte auf der Website zu einem bestimmten Zeitpunkt nicht mehr aktuell sind und dass wir keinerlei Verpflichtung unterliegen, diese Inhalte auf den neuesten Stand zu bringen.<\/p>\n<p>Wir garantieren weder die Fehlerfreiheit noch Vollst\u00e4ndigkeit der Website oder der enthaltenen Inhalte.<\/p>\n<p>&nbsp;<\/p>\n<p><strong>14. Gerichtsstand<\/strong><\/p>\n<p>Sie haben sich entschieden, die Website auf eigenes Risiko zu nutzen. Sie sind selbst verantwortlich f\u00fcr die Einhaltung der f\u00fcr Sie geltenden \u00f6rtlichen Gesetze.<\/p>\n<p>Diese Nutzungsbedingungen und alle vertraglichen und sonstigen Beziehungen, die sich aus der Website ergeben, unterliegen dem englischen Recht. F\u00fcr m\u00f6gliche Streitfragen, die sich aus oder im Zusammenhang mit diesen Nutzungsbedingungen und\/oder der Website ergeben, unterwerfen Sie sich der ausschlie\u00dflichen Gerichtsbarkeit der Gerichte von England &amp; Wales.<\/p>\n<p>&nbsp;<\/p>\n<p><strong>Kontakt<\/strong><\/p>\n<p>Bitte kontaktieren Sie uns per E-Mail an\u00a0<a href=\"mailto:iol_enquiries@rayner.com\">iol_enquiries@rayner.com<\/a><\/p>\n<p>Vielen Dank f\u00fcr den Besuch unserer Website.<\/p>\n<p>\u00a9 2023 Rayner Group<\/p>\n","protected":false},"excerpt":{"rendered":"<p>Nutzungsbedingungen &nbsp; BITTE LESEN SIE DIESE NUTZUNGSBEDINGUNGEN VOR DER VERWENDUNG DIESER WEBSITE AUFMERKSAM &nbsp; Die Inhalte der Website www.rayner.com\/de (\u201edie Website\u201c) werden von Rayner (\u201eRayner\u201d) erstellt und verwaltet. Diese Nutzungsbedingungen enthalten wichtige Informationen und erl\u00e4utern Ihre Rechte und Pflichten als Nutzer dieser Website. &nbsp; 1.\u00a0Zweck und Wirkung Diese Nutzungsbedingungen sind rechtsverbindlich und legen die Rechte<\/p>\n","protected":false},"author":300,"featured_media":0,"parent":0,"menu_order":0,"comment_status":"closed","ping_status":"closed","template":"","meta":{"_acf_changed":false,"inline_featured_image":false,"footnotes":""},"acf":[],"yoast_head":"<!-- This site is optimized with the Yoast SEO plugin v22.5 - https:\/\/yoast.com\/wordpress\/plugins\/seo\/ -->\n<title>Nutzungsbedingungen - Rayner : Germany<\/title>\n<meta name=\"robots\" content=\"index, follow, max-snippet:-1, max-image-preview:large, max-video-preview:-1\" \/>\n<link rel=\"canonical\" href=\"https:\/\/rayner.com\/de\/nutzungsbedingungen\/\" \/>\n<meta property=\"og:locale\" content=\"de_DE\" \/>\n<meta property=\"og:type\" content=\"article\" \/>\n<meta property=\"og:title\" content=\"Nutzungsbedingungen - Rayner : Germany\" \/>\n<meta property=\"og:description\" content=\"Nutzungsbedingungen &nbsp; BITTE LESEN SIE DIESE NUTZUNGSBEDINGUNGEN VOR DER VERWENDUNG DIESER WEBSITE AUFMERKSAM &nbsp; Die Inhalte der Website www.rayner.com\/de (\u201edie Website\u201c) werden von Rayner (\u201eRayner\u201d) erstellt und verwaltet. Diese Nutzungsbedingungen enthalten wichtige Informationen und erl\u00e4utern Ihre Rechte und Pflichten als Nutzer dieser Website. &nbsp; 1.\u00a0Zweck und Wirkung Diese Nutzungsbedingungen sind rechtsverbindlich und legen die Rechte\" \/>\n<meta property=\"og:url\" content=\"https:\/\/rayner.com\/de\/nutzungsbedingungen\/\" \/>\n<meta property=\"og:site_name\" content=\"Rayner : Germany\" \/>\n<meta name=\"twitter:card\" content=\"summary_large_image\" \/>\n<meta name=\"twitter:label1\" content=\"Gesch\u00e4tzte Lesezeit\" \/>\n\t<meta name=\"twitter:data1\" content=\"8 Minuten\" \/>\n<script type=\"application\/ld+json\" class=\"yoast-schema-graph\">{\"@context\":\"https:\/\/schema.org\",\"@graph\":[{\"@type\":\"WebPage\",\"@id\":\"https:\/\/rayner.com\/de\/nutzungsbedingungen\/\",\"url\":\"https:\/\/rayner.com\/de\/nutzungsbedingungen\/\",\"name\":\"Nutzungsbedingungen - Rayner : Germany\",\"isPartOf\":{\"@id\":\"https:\/\/rayner.com\/de\/#website\"},\"datePublished\":\"2023-03-03T12:34:58+00:00\",\"dateModified\":\"2023-03-03T12:34:58+00:00\",\"inLanguage\":\"de-DE\",\"potentialAction\":[{\"@type\":\"ReadAction\",\"target\":[\"https:\/\/rayner.com\/de\/nutzungsbedingungen\/\"]}]},{\"@type\":\"WebSite\",\"@id\":\"https:\/\/rayner.com\/de\/#website\",\"url\":\"https:\/\/rayner.com\/de\/\",\"name\":\"Rayner : Germany\",\"description\":\"Just another WordPress site\",\"potentialAction\":[{\"@type\":\"SearchAction\",\"target\":{\"@type\":\"EntryPoint\",\"urlTemplate\":\"https:\/\/rayner.com\/de\/?s={search_term_string}\"},\"query-input\":\"required name=search_term_string\"}],\"inLanguage\":\"de-DE\"}]}<\/script>\n<!-- \/ Yoast SEO plugin. -->","yoast_head_json":{"title":"Nutzungsbedingungen - Rayner : Germany","robots":{"index":"index","follow":"follow","max-snippet":"max-snippet:-1","max-image-preview":"max-image-preview:large","max-video-preview":"max-video-preview:-1"},"canonical":"https:\/\/rayner.com\/de\/nutzungsbedingungen\/","og_locale":"de_DE","og_type":"article","og_title":"Nutzungsbedingungen - Rayner : Germany","og_description":"Nutzungsbedingungen &nbsp; BITTE LESEN SIE DIESE NUTZUNGSBEDINGUNGEN VOR DER VERWENDUNG DIESER WEBSITE AUFMERKSAM &nbsp; Die Inhalte der Website www.rayner.com\/de (\u201edie Website\u201c) werden von Rayner (\u201eRayner\u201d) erstellt und verwaltet. Diese Nutzungsbedingungen enthalten wichtige Informationen und erl\u00e4utern Ihre Rechte und Pflichten als Nutzer dieser Website. &nbsp; 1.\u00a0Zweck und Wirkung Diese Nutzungsbedingungen sind rechtsverbindlich und legen die Rechte","og_url":"https:\/\/rayner.com\/de\/nutzungsbedingungen\/","og_site_name":"Rayner : Germany","twitter_card":"summary_large_image","twitter_misc":{"Gesch\u00e4tzte Lesezeit":"8 Minuten"},"schema":{"@context":"https:\/\/schema.org","@graph":[{"@type":"WebPage","@id":"https:\/\/rayner.com\/de\/nutzungsbedingungen\/","url":"https:\/\/rayner.com\/de\/nutzungsbedingungen\/","name":"Nutzungsbedingungen - Rayner : Germany","isPartOf":{"@id":"https:\/\/rayner.com\/de\/#website"},"datePublished":"2023-03-03T12:34:58+00:00","dateModified":"2023-03-03T12:34:58+00:00","inLanguage":"de-DE","potentialAction":[{"@type":"ReadAction","target":["https:\/\/rayner.com\/de\/nutzungsbedingungen\/"]}]},{"@type":"WebSite","@id":"https:\/\/rayner.com\/de\/#website","url":"https:\/\/rayner.com\/de\/","name":"Rayner : Germany","description":"Just another WordPress site","potentialAction":[{"@type":"SearchAction","target":{"@type":"EntryPoint","urlTemplate":"https:\/\/rayner.com\/de\/?s={search_term_string}"},"query-input":"required name=search_term_string"}],"inLanguage":"de-DE"}]}},"_links":{"self":[{"href":"https:\/\/rayner.com\/de\/wp-json\/wp\/v2\/pages\/784"}],"collection":[{"href":"https:\/\/rayner.com\/de\/wp-json\/wp\/v2\/pages"}],"about":[{"href":"https:\/\/rayner.com\/de\/wp-json\/wp\/v2\/types\/page"}],"author":[{"embeddable":true,"href":"https:\/\/rayner.com\/de\/wp-json\/wp\/v2\/users\/300"}],"replies":[{"embeddable":true,"href":"https:\/\/rayner.com\/de\/wp-json\/wp\/v2\/comments?post=784"}],"version-history":[{"count":5,"href":"https:\/\/rayner.com\/de\/wp-json\/wp\/v2\/pages\/784\/revisions"}],"predecessor-version":[{"id":789,"href":"https:\/\/rayner.com\/de\/wp-json\/wp\/v2\/pages\/784\/revisions\/789"}],"wp:attachment":[{"href":"https:\/\/rayner.com\/de\/wp-json\/wp\/v2\/media?parent=784"}],"curies":[{"name":"wp","href":"https:\/\/api.w.org\/{rel}","templated":true}]}}