{"id":798,"date":"2023-03-03T14:25:46","date_gmt":"2023-03-03T13:25:46","guid":{"rendered":"https:\/\/rayner.com\/de\/?page_id=798"},"modified":"2023-03-03T14:27:58","modified_gmt":"2023-03-03T13:27:58","slug":"verwendung-von-cookies","status":"publish","type":"page","link":"https:\/\/rayner.com\/de\/verwendung-von-cookies\/","title":{"rendered":"Verwendung von Cookies"},"content":{"rendered":"<h2><\/h2>\n<h2>Verwendung von Cookies<\/h2>\n<p>&nbsp;<\/p>\n<p>Unsere Website (\u201edie Website\u201c) verwendet Cookies, um Sie von anderen Nutzern der Website zu unterscheiden. Damit k\u00f6nnen wir Ihren Besuch auf unserer Website nicht nur pers\u00f6nlicher gestalten, sondern auch unsere Website insgesamt verbessern. Durch die weitere Nutzung unserer Website erkl\u00e4ren Sie sich mit unserer Verwendung von Cookies einverstanden.<\/p>\n<p>Ein Cookie ist eine kleine Datei, die aus Buchstaben und Zahlen besteht und die von uns auf Ihrem Browser oder der Festplatte Ihres Computers abgelegt wird, sofern Sie damit einverstanden sind. Cookies enthalten Informationen, die auf die Festplatte Ihres Computers \u00fcbertragen werden.<\/p>\n<p>Wir verwenden folgende Cookies:<\/p>\n<ul>\n<li><strong>Unbedingt erforderliche Cookies.<\/strong>\u00a0Dies sind Cookies, die f\u00fcr die Funktion der Website notwendig sind. Dazu geh\u00f6ren z. B. Cookies, mit denen Sie sich in gesicherte Bereiche der Website einloggen k\u00f6nnen.<\/li>\n<li><strong>Cookies f\u00fcr Analysezwecke und Leistungsbewertung.<\/strong>\u00a0Mit diesen Cookies k\u00f6nnen wir Besucher wiedererkennen und ihre Anzahl bestimmen; weiterhin sehen wir, wie Besucher auf unserer Website navigieren. Damit k\u00f6nnen wir die Funktionsweise der Website verbessern, indem wir zum Beispiel daf\u00fcr sorgen, dass die Nutzer einfacher die gesuchten Inhalte finden.<\/li>\n<li><strong>Cookies f\u00fcr die Funktionsf\u00e4higkeit.<\/strong>\u00a0Diese Cookies erkennen Nutzer wieder, die unsere Website bereits besucht haben. Damit haben wir die M\u00f6glichkeit, unsere Inhalte f\u00fcr Sie zu personalisieren, Sie mit Ihrem Namen zu begr\u00fc\u00dfen und Ihre Pr\u00e4ferenzen zu speichern.<\/li>\n<li><strong>Zielorientierte Cookies.<\/strong>\u00a0Diese Cookies registrieren Ihren Besuch auf der Website, die von Ihnen besuchten Seiten und die aufgerufenen Links. Diese Informationen nutzen wir, um die Website auf Ihre Interessen auszurichten. Zu diesem Zweck k\u00f6nnen wir diese Informationen auch an Dritte weitergeben.<\/li>\n<\/ul>\n<p>Beachten Sie bitte, dass Dritte (dazu geh\u00f6ren z. B. Werbenetzwerke und Anbieter von externen Dienstleistungen wie etwa Analysedienste zum Internetverkehr) auch Cookies verwenden k\u00f6nnen, \u00fcber die wir keine Kontrolle haben. Bei diesen Cookies handelt es sich wahrscheinlich um Cookies f\u00fcr Analysezwecke und Leistungsbewertung sowie zielorientierte Cookies.<\/p>\n<p>Cookies k\u00f6nnen \u00fcber Ihre Browser-Einstellungen blockiert werden. Hier haben Sie die M\u00f6glichkeit, die Speicherung aller oder einzelner Cookies abzulehnen. Wenn Sie in Ihren Browser-Einstellungen alle Cookies blockieren (auch die grundlegenden Cookies), ist es m\u00f6glich, dass Sie auf die Website oder Teile davon nicht zugreifen k\u00f6nnen.<\/p>\n<p>\u00a9 2023 Rayner Group<\/p>\n","protected":false},"excerpt":{"rendered":"<p>Verwendung von Cookies &nbsp; Unsere Website (\u201edie Website\u201c) verwendet Cookies, um Sie von anderen Nutzern der Website zu unterscheiden. Damit k\u00f6nnen wir Ihren Besuch auf unserer Website nicht nur pers\u00f6nlicher gestalten, sondern auch unsere Website insgesamt verbessern. Durch die weitere Nutzung unserer Website erkl\u00e4ren Sie sich mit unserer Verwendung von Cookies einverstanden. Ein Cookie ist<\/p>\n","protected":false},"author":300,"featured_media":0,"parent":0,"menu_order":0,"comment_status":"closed","ping_status":"closed","template":"","meta":{"_acf_changed":false,"inline_featured_image":false,"footnotes":""},"acf":[],"yoast_head":"<!-- This site is optimized with the Yoast SEO plugin v22.5 - https:\/\/yoast.com\/wordpress\/plugins\/seo\/ -->\n<title>Verwendung von Cookies - Rayner : Germany<\/title>\n<meta name=\"robots\" content=\"index, follow, max-snippet:-1, max-image-preview:large, max-video-preview:-1\" \/>\n<link rel=\"canonical\" href=\"https:\/\/rayner.com\/de\/verwendung-von-cookies\/\" \/>\n<meta property=\"og:locale\" content=\"de_DE\" \/>\n<meta property=\"og:type\" content=\"article\" \/>\n<meta property=\"og:title\" content=\"Verwendung von Cookies - Rayner : Germany\" \/>\n<meta property=\"og:description\" content=\"Verwendung von Cookies &nbsp; Unsere Website (\u201edie Website\u201c) verwendet Cookies, um Sie von anderen Nutzern der Website zu unterscheiden. Damit k\u00f6nnen wir Ihren Besuch auf unserer Website nicht nur pers\u00f6nlicher gestalten, sondern auch unsere Website insgesamt verbessern. Durch die weitere Nutzung unserer Website erkl\u00e4ren Sie sich mit unserer Verwendung von Cookies einverstanden. Ein Cookie ist\" \/>\n<meta property=\"og:url\" content=\"https:\/\/rayner.com\/de\/verwendung-von-cookies\/\" \/>\n<meta property=\"og:site_name\" content=\"Rayner : Germany\" \/>\n<meta property=\"article:modified_time\" content=\"2023-03-03T13:27:58+00:00\" \/>\n<meta name=\"twitter:card\" content=\"summary_large_image\" \/>\n<meta name=\"twitter:label1\" content=\"Gesch\u00e4tzte Lesezeit\" \/>\n\t<meta name=\"twitter:data1\" content=\"2 Minuten\" \/>\n<script type=\"application\/ld+json\" class=\"yoast-schema-graph\">{\"@context\":\"https:\/\/schema.org\",\"@graph\":[{\"@type\":\"WebPage\",\"@id\":\"https:\/\/rayner.com\/de\/verwendung-von-cookies\/\",\"url\":\"https:\/\/rayner.com\/de\/verwendung-von-cookies\/\",\"name\":\"Verwendung von Cookies - Rayner : Germany\",\"isPartOf\":{\"@id\":\"https:\/\/rayner.com\/de\/#website\"},\"datePublished\":\"2023-03-03T13:25:46+00:00\",\"dateModified\":\"2023-03-03T13:27:58+00:00\",\"inLanguage\":\"de-DE\",\"potentialAction\":[{\"@type\":\"ReadAction\",\"target\":[\"https:\/\/rayner.com\/de\/verwendung-von-cookies\/\"]}]},{\"@type\":\"WebSite\",\"@id\":\"https:\/\/rayner.com\/de\/#website\",\"url\":\"https:\/\/rayner.com\/de\/\",\"name\":\"Rayner : Germany\",\"description\":\"Just another WordPress site\",\"potentialAction\":[{\"@type\":\"SearchAction\",\"target\":{\"@type\":\"EntryPoint\",\"urlTemplate\":\"https:\/\/rayner.com\/de\/?s={search_term_string}\"},\"query-input\":\"required name=search_term_string\"}],\"inLanguage\":\"de-DE\"}]}<\/script>\n<!-- \/ Yoast SEO plugin. -->","yoast_head_json":{"title":"Verwendung von Cookies - Rayner : Germany","robots":{"index":"index","follow":"follow","max-snippet":"max-snippet:-1","max-image-preview":"max-image-preview:large","max-video-preview":"max-video-preview:-1"},"canonical":"https:\/\/rayner.com\/de\/verwendung-von-cookies\/","og_locale":"de_DE","og_type":"article","og_title":"Verwendung von Cookies - Rayner : Germany","og_description":"Verwendung von Cookies &nbsp; Unsere Website (\u201edie Website\u201c) verwendet Cookies, um Sie von anderen Nutzern der Website zu unterscheiden. Damit k\u00f6nnen wir Ihren Besuch auf unserer Website nicht nur pers\u00f6nlicher gestalten, sondern auch unsere Website insgesamt verbessern. Durch die weitere Nutzung unserer Website erkl\u00e4ren Sie sich mit unserer Verwendung von Cookies einverstanden. Ein Cookie ist","og_url":"https:\/\/rayner.com\/de\/verwendung-von-cookies\/","og_site_name":"Rayner : Germany","article_modified_time":"2023-03-03T13:27:58+00:00","twitter_card":"summary_large_image","twitter_misc":{"Gesch\u00e4tzte Lesezeit":"2 Minuten"},"schema":{"@context":"https:\/\/schema.org","@graph":[{"@type":"WebPage","@id":"https:\/\/rayner.com\/de\/verwendung-von-cookies\/","url":"https:\/\/rayner.com\/de\/verwendung-von-cookies\/","name":"Verwendung von Cookies - Rayner : Germany","isPartOf":{"@id":"https:\/\/rayner.com\/de\/#website"},"datePublished":"2023-03-03T13:25:46+00:00","dateModified":"2023-03-03T13:27:58+00:00","inLanguage":"de-DE","potentialAction":[{"@type":"ReadAction","target":["https:\/\/rayner.com\/de\/verwendung-von-cookies\/"]}]},{"@type":"WebSite","@id":"https:\/\/rayner.com\/de\/#website","url":"https:\/\/rayner.com\/de\/","name":"Rayner : Germany","description":"Just another WordPress site","potentialAction":[{"@type":"SearchAction","target":{"@type":"EntryPoint","urlTemplate":"https:\/\/rayner.com\/de\/?s={search_term_string}"},"query-input":"required name=search_term_string"}],"inLanguage":"de-DE"}]}},"_links":{"self":[{"href":"https:\/\/rayner.com\/de\/wp-json\/wp\/v2\/pages\/798"}],"collection":[{"href":"https:\/\/rayner.com\/de\/wp-json\/wp\/v2\/pages"}],"about":[{"href":"https:\/\/rayner.com\/de\/wp-json\/wp\/v2\/types\/page"}],"author":[{"embeddable":true,"href":"https:\/\/rayner.com\/de\/wp-json\/wp\/v2\/users\/300"}],"replies":[{"embeddable":true,"href":"https:\/\/rayner.com\/de\/wp-json\/wp\/v2\/comments?post=798"}],"version-history":[{"count":3,"href":"https:\/\/rayner.com\/de\/wp-json\/wp\/v2\/pages\/798\/revisions"}],"predecessor-version":[{"id":801,"href":"https:\/\/rayner.com\/de\/wp-json\/wp\/v2\/pages\/798\/revisions\/801"}],"wp:attachment":[{"href":"https:\/\/rayner.com\/de\/wp-json\/wp\/v2\/media?parent=798"}],"curies":[{"name":"wp","href":"https:\/\/api.w.org\/{rel}","templated":true}]}}