{"id":865,"date":"2023-09-18T17:22:02","date_gmt":"2023-09-18T15:22:02","guid":{"rendered":"https:\/\/rayner.com\/de\/?page_id=865"},"modified":"2023-10-13T11:30:27","modified_gmt":"2023-10-13T09:30:27","slug":"impressum","status":"publish","type":"page","link":"https:\/\/rayner.com\/de\/impressum\/","title":{"rendered":"Impressum"},"content":{"rendered":"<h1><strong>Impressum<\/strong><\/h1>\n<p>&nbsp;<\/p>\n<p class=\"p1\">RAYNER\u00a0SURGICAL\u00a0GmbH<br \/>\nRudower\u00a0Chaussee\u00a09<br \/>\nD\u201112489\u00a0Berlin<\/p>\n<p class=\"p1\"><span class=\"s1\">t:\u00a0<span class=\"s2\">+49\u00a030\u00a0629\u00a00783-0<\/span><br \/>\nm:\u00a0<a href=\"mailto:info.de@rayner.com\" target=\"_blank\" rel=\"noopener\"><span class=\"s2\">info.de@rayner.com<\/span><\/a><\/span><\/p>\n<p>&nbsp;<\/p>\n<p>Gesch\u00e4ftsf\u00fchrer:\u00a0Dr. Hendrik R\u00f6nsch<br \/>\nProkuristin:\u00a0Manuela\u00a0Meth<br \/>\nFirmensitz: Berlin<br \/>\nHandelsregister HRB 175825 B<br \/>\nVAT No.: DE 813 747 383 \/ Steuernummer: 37\/486\/50126<\/p>\n<p>&nbsp;<\/p>\n<p>Inhaltlich verantwortlich nach \u00a7 18 Abs. 2 MStV:<br \/>\nDr. Hendrik R\u00f6nsch<br \/>\nRudower\u00a0Chaussee\u00a09<br \/>\n12489\u00a0Berlin<br \/>\nDeutschland<\/p>\n<p>&nbsp;<\/p>\n<p>Die EU-Kommission stellt eine Plattform f\u00fcr die Online-Streitbeilegung zur Verf\u00fcgung. Sie finden sie unter <a href=\"https:\/\/ec.europa.eu\/consumers\/odr\/\" target=\"_blank\" rel=\"noopener\">https:\/\/ec.europa.eu\/consumers\/odr\/<\/a>. Rayner Surgical GmbH ist weder bereit noch verpflichtet, an einem Streitbeilegungsverfahren vor einer Verbraucherschlichtungsstelle teilzunehmen.<\/p>\n<p>&nbsp;<\/p>\n<p>Inhaltlich Verantwortlicher gem\u00e4\u00df \u00a7 6 MDStV: Dr. Hendrik R\u00f6nsch<\/p>\n<p>&nbsp;<\/p>\n<p>______________________<\/p>\n<p><strong>Haftungsausschluss<\/strong><\/p>\n<p>Die Rayner Surgical GmbH hat die Informationen, die Sie auf dieser Website vorfinden, aus internen und externen Quellen nach bestem Wissen und Gewissen mit professioneller Sorgfalt zusammengestellt. Der Inhalt unseres Internetauftritts dient ausschlie\u00dflich Informationszwecken. Die Informationen bilden keineswegs einen Ersatz f\u00fcr eine Beratung oder Behandlung durch ein Mitglied der Heilberufe. Sofern Sie in irgendeiner Weise gesundheitliche Probleme haben oder zu haben glauben, wenden Sie sich daher bitte an ihren Arzt oder \u00c4rztin. Der Inhalt von <a href=\"http:\/\/www.rayner.com\">www.rayner.com<\/a> darf und kann nicht f\u00fcr die Erstellung eigenst\u00e4ndiger Diagnosen oder f\u00fcr die Auswahl von Behandlungsmethoden verwendet werden.<\/p>\n<p>Weder die Rayner Surgical GmbH noch andere an der Erstellung, Gestaltung und Bereitstellung von <a href=\"http:\/\/www.rayner.com\">www.rayner.com<\/a> beteiligte Parteien haften f\u00fcr direkte Sch\u00e4den, mittelbare Sch\u00e4den, Folgesch\u00e4den oder andere Sch\u00e4den aufgrund des Besuchs, der Nutzung oder fehlender Nutzungsm\u00f6glichkeiten von <a href=\"http:\/\/www.rayner.com\">www.rayner.com<\/a> sowie infolge von Fehlern oder Auslassungen in den Inhalten.<\/p>\n<p>&nbsp;<\/p>\n<p><strong>Geistiges Eigentum<\/strong><\/p>\n<p>Alle Produktnamen sind Marken der Rayner, ihren Tochtergesellschaften und den verbundenen Unternehmen. Die nicht autorisierte Nutzung oder der Missbrauch dieser Marken oder sonstiger Materialien ist ausdr\u00fccklich verboten und stellt eine Verletzung der Urheberrechte, Markenrechte und sonstiger Schutzrechte dar.<\/p>\n<p>&nbsp;<\/p>\n<p><strong>Von Ihnen bereitgestellte Informationen<\/strong><\/p>\n<p>Der Nutzer der Website ist in vollem Umfang f\u00fcr alle Informationen, die er an Rayner Surgical GmbH sendet, hinsichtlich Inhalt und Richtigkeit sowie daf\u00fcr verantwortlich, dass Rechte Dritter nicht verletzt werden. Der Nutzer ist damit einverstanden, dass Rayner Surgical GmbH diese Informationen speichert und f\u00fcr statistische Auswertungen oder andere benannte, gesch\u00e4ftliche Zwecke verwendet, sofern es sich nicht um personenbezogene Daten handelt, die \u00fcber Bestandsdaten oder Nutzungsdaten im Sinne von \u00a7 5 und \u00a7 6 TDDSG hinausgehen. Die Rayner Surgical GmbH ist insbesondere befugt, den Inhalt solcher Mitteilungen, einschlie\u00dflich Ideen, Erfindungen, Konzepte, Techniken oder Know How, das darin enthalten ist, f\u00fcr jeden Zweck zu nutzen, einschlie\u00dflich der Entwicklung, Herstellung und\/ oder Vermarktung von Produkten oder Services, und diese Information zu reproduzieren und uneingeschr\u00e4nkt dritten Parteien zug\u00e4nglich zu machen.<\/p>\n<p>Die von Ihnen bereitgestellten Informationen werden auf Basis der DS-GVO gehandhabt.<\/p>\n<p>&nbsp;<\/p>\n","protected":false},"excerpt":{"rendered":"<p>Impressum &nbsp; RAYNER\u00a0SURGICAL\u00a0GmbH Rudower\u00a0Chaussee\u00a09 D\u201112489\u00a0Berlin t:\u00a0+49\u00a030\u00a0629\u00a00783-0 m:\u00a0info.de@rayner.com &nbsp; Gesch\u00e4ftsf\u00fchrer:\u00a0Dr. Hendrik R\u00f6nsch Prokuristin:\u00a0Manuela\u00a0Meth Firmensitz: Berlin Handelsregister HRB 175825 B VAT No.: DE 813 747 383 \/ Steuernummer: 37\/486\/50126 &nbsp; Inhaltlich verantwortlich nach \u00a7 18 Abs. 2 MStV: Dr. Hendrik R\u00f6nsch Rudower\u00a0Chaussee\u00a09 12489\u00a0Berlin Deutschland &nbsp; Die EU-Kommission stellt eine Plattform f\u00fcr die Online-Streitbeilegung zur Verf\u00fcgung. Sie finden<\/p>\n","protected":false},"author":300,"featured_media":0,"parent":0,"menu_order":0,"comment_status":"closed","ping_status":"closed","template":"","meta":{"_acf_changed":false,"inline_featured_image":false,"footnotes":""},"acf":[],"yoast_head":"<!-- This site is optimized with the Yoast SEO plugin v22.5 - https:\/\/yoast.com\/wordpress\/plugins\/seo\/ -->\n<title>Impressum - Rayner : Germany<\/title>\n<meta name=\"robots\" content=\"index, follow, max-snippet:-1, max-image-preview:large, max-video-preview:-1\" \/>\n<link rel=\"canonical\" href=\"https:\/\/rayner.com\/de\/impressum\/\" \/>\n<meta property=\"og:locale\" content=\"de_DE\" \/>\n<meta property=\"og:type\" content=\"article\" \/>\n<meta property=\"og:title\" content=\"Impressum - Rayner : Germany\" \/>\n<meta property=\"og:description\" content=\"Impressum &nbsp; RAYNER\u00a0SURGICAL\u00a0GmbH Rudower\u00a0Chaussee\u00a09 D\u201112489\u00a0Berlin t:\u00a0+49\u00a030\u00a0629\u00a00783-0 m:\u00a0info.de@rayner.com &nbsp; Gesch\u00e4ftsf\u00fchrer:\u00a0Dr. Hendrik R\u00f6nsch Prokuristin:\u00a0Manuela\u00a0Meth Firmensitz: Berlin Handelsregister HRB 175825 B VAT No.: DE 813 747 383 \/ Steuernummer: 37\/486\/50126 &nbsp; Inhaltlich verantwortlich nach \u00a7 18 Abs. 2 MStV: Dr. Hendrik R\u00f6nsch Rudower\u00a0Chaussee\u00a09 12489\u00a0Berlin Deutschland &nbsp; Die EU-Kommission stellt eine Plattform f\u00fcr die Online-Streitbeilegung zur Verf\u00fcgung. Sie finden\" \/>\n<meta property=\"og:url\" content=\"https:\/\/rayner.com\/de\/impressum\/\" \/>\n<meta property=\"og:site_name\" content=\"Rayner : Germany\" \/>\n<meta property=\"article:modified_time\" content=\"2023-10-13T09:30:27+00:00\" \/>\n<meta name=\"twitter:card\" content=\"summary_large_image\" \/>\n<meta name=\"twitter:label1\" content=\"Gesch\u00e4tzte Lesezeit\" \/>\n\t<meta name=\"twitter:data1\" content=\"2 Minuten\" \/>\n<script type=\"application\/ld+json\" class=\"yoast-schema-graph\">{\"@context\":\"https:\/\/schema.org\",\"@graph\":[{\"@type\":\"WebPage\",\"@id\":\"https:\/\/rayner.com\/de\/impressum\/\",\"url\":\"https:\/\/rayner.com\/de\/impressum\/\",\"name\":\"Impressum - Rayner : Germany\",\"isPartOf\":{\"@id\":\"https:\/\/rayner.com\/de\/#website\"},\"datePublished\":\"2023-09-18T15:22:02+00:00\",\"dateModified\":\"2023-10-13T09:30:27+00:00\",\"inLanguage\":\"de-DE\",\"potentialAction\":[{\"@type\":\"ReadAction\",\"target\":[\"https:\/\/rayner.com\/de\/impressum\/\"]}]},{\"@type\":\"WebSite\",\"@id\":\"https:\/\/rayner.com\/de\/#website\",\"url\":\"https:\/\/rayner.com\/de\/\",\"name\":\"Rayner : Germany\",\"description\":\"Just another WordPress site\",\"potentialAction\":[{\"@type\":\"SearchAction\",\"target\":{\"@type\":\"EntryPoint\",\"urlTemplate\":\"https:\/\/rayner.com\/de\/?s={search_term_string}\"},\"query-input\":\"required name=search_term_string\"}],\"inLanguage\":\"de-DE\"}]}<\/script>\n<!-- \/ Yoast SEO plugin. -->","yoast_head_json":{"title":"Impressum - Rayner : Germany","robots":{"index":"index","follow":"follow","max-snippet":"max-snippet:-1","max-image-preview":"max-image-preview:large","max-video-preview":"max-video-preview:-1"},"canonical":"https:\/\/rayner.com\/de\/impressum\/","og_locale":"de_DE","og_type":"article","og_title":"Impressum - Rayner : Germany","og_description":"Impressum &nbsp; RAYNER\u00a0SURGICAL\u00a0GmbH Rudower\u00a0Chaussee\u00a09 D\u201112489\u00a0Berlin t:\u00a0+49\u00a030\u00a0629\u00a00783-0 m:\u00a0info.de@rayner.com &nbsp; Gesch\u00e4ftsf\u00fchrer:\u00a0Dr. Hendrik R\u00f6nsch Prokuristin:\u00a0Manuela\u00a0Meth Firmensitz: Berlin Handelsregister HRB 175825 B VAT No.: DE 813 747 383 \/ Steuernummer: 37\/486\/50126 &nbsp; Inhaltlich verantwortlich nach \u00a7 18 Abs. 2 MStV: Dr. Hendrik R\u00f6nsch Rudower\u00a0Chaussee\u00a09 12489\u00a0Berlin Deutschland &nbsp; Die EU-Kommission stellt eine Plattform f\u00fcr die Online-Streitbeilegung zur Verf\u00fcgung. Sie finden","og_url":"https:\/\/rayner.com\/de\/impressum\/","og_site_name":"Rayner : Germany","article_modified_time":"2023-10-13T09:30:27+00:00","twitter_card":"summary_large_image","twitter_misc":{"Gesch\u00e4tzte Lesezeit":"2 Minuten"},"schema":{"@context":"https:\/\/schema.org","@graph":[{"@type":"WebPage","@id":"https:\/\/rayner.com\/de\/impressum\/","url":"https:\/\/rayner.com\/de\/impressum\/","name":"Impressum - Rayner : Germany","isPartOf":{"@id":"https:\/\/rayner.com\/de\/#website"},"datePublished":"2023-09-18T15:22:02+00:00","dateModified":"2023-10-13T09:30:27+00:00","inLanguage":"de-DE","potentialAction":[{"@type":"ReadAction","target":["https:\/\/rayner.com\/de\/impressum\/"]}]},{"@type":"WebSite","@id":"https:\/\/rayner.com\/de\/#website","url":"https:\/\/rayner.com\/de\/","name":"Rayner : Germany","description":"Just another WordPress site","potentialAction":[{"@type":"SearchAction","target":{"@type":"EntryPoint","urlTemplate":"https:\/\/rayner.com\/de\/?s={search_term_string}"},"query-input":"required name=search_term_string"}],"inLanguage":"de-DE"}]}},"_links":{"self":[{"href":"https:\/\/rayner.com\/de\/wp-json\/wp\/v2\/pages\/865"}],"collection":[{"href":"https:\/\/rayner.com\/de\/wp-json\/wp\/v2\/pages"}],"about":[{"href":"https:\/\/rayner.com\/de\/wp-json\/wp\/v2\/types\/page"}],"author":[{"embeddable":true,"href":"https:\/\/rayner.com\/de\/wp-json\/wp\/v2\/users\/300"}],"replies":[{"embeddable":true,"href":"https:\/\/rayner.com\/de\/wp-json\/wp\/v2\/comments?post=865"}],"version-history":[{"count":5,"href":"https:\/\/rayner.com\/de\/wp-json\/wp\/v2\/pages\/865\/revisions"}],"predecessor-version":[{"id":877,"href":"https:\/\/rayner.com\/de\/wp-json\/wp\/v2\/pages\/865\/revisions\/877"}],"wp:attachment":[{"href":"https:\/\/rayner.com\/de\/wp-json\/wp\/v2\/media?parent=865"}],"curies":[{"name":"wp","href":"https:\/\/api.w.org\/{rel}","templated":true}]}}