 






{"id":3,"date":"2021-05-18T12:53:31","date_gmt":"2021-05-18T12:53:31","guid":{"rendered":"http:\/\/localhost:8888\/rayner_peer2peer_v2\/?page_id=3"},"modified":"2023-10-06T11:14:58","modified_gmt":"2023-10-06T11:14:58","slug":"privacy-policy","status":"publish","type":"page","link":"https:\/\/rayner.com\/peer2peer-es\/privacy-policy\/","title":{"rendered":"Pol\u00edtica de Privacidad"},"content":{"rendered":"<p><\/p>\r\n<p>&nbsp;<\/p>\r\n<h2 class=\"wp-block-heading\">Pol\u00edtica de privacidad POL\u00cdTICA DE PRIVACIDAD DEL SITIO WEB DE RAYNER<\/h2>\r\n\r\n\r\n\r\n<p>Por favor, no se registre en este sitio si no desea que procesemos informaci\u00f3n seg\u00fan se describe en esta pol\u00edtica. Aseg\u00farese de tener el consentimiento previo antes de ingresar los datos personales de otra persona en este sitio.<\/p>\r\n<p>Este sitio web <a href=\"http:\/\/www.rayner.com\/\" target=\"_blank\" rel=\"noopener\">www.rayner.com<\/a> (el &#8220;Sitio&#8221;) es producido y operado por Rayner Intraocular Lenses Limited (&#8220;Rayner&#8221;). A los efectos del Reglamento General de Protecci\u00f3n de Datos [CE 2016\/679], el responsable del tratamiento de datos es Rayner, cuya oficina registrada se encuentra en 10 Dominion Way, Worthing, West Sussex BN14 8AQ.<\/p>\r\n<p>Estamos comprometidos con la protecci\u00f3n de su privacidad.<\/p>\r\n<p>Esta pol\u00edtica (junto con nuestros T\u00e9rminos de Uso y cualquier otro documento al que se haga referencia en ellos) establece la base en la que cualquier dato personal que recopilemos de usted o que usted nos proporcione ser\u00e1 procesado por nosotros. Lea atentamente lo siguiente para comprender nuestras opiniones y pr\u00e1cticas con respecto a sus datos personales y c\u00f3mo los trataremos. Al utilizar el Sitio, usted acepta y consiente las pr\u00e1cticas descritas en esta pol\u00edtica.<\/p>\r\n<p>Revisamos nuestras pr\u00e1cticas de privacidad de vez en cuando, por lo que es importante que marque esta p\u00e1gina y revise peri\u00f3dicamente las actualizaciones de esta pol\u00edtica. Esta versi\u00f3n se actualiz\u00f3 por \u00faltima vez el 1 de junio de 2018.<\/p>\r\n<p>&nbsp;<\/p>\r\n\r\n\r\n\r\n<h3 class=\"wp-block-heading\">1. LA INFORMACI\u00d3N QUE RECOPILAMOS<\/h3>\r\n<p>La informaci\u00f3n sobre o proporcionada por los usuarios del Sitio no se recopila directamente por nosotros. La informaci\u00f3n se recopila a trav\u00e9s de un tercero contratado (&#8220;Proveedor de Servicios&#8221;) en nuestro nombre. El Proveedor de Servicios es un controlador de datos registrado. El Proveedor de Servicios utiliza una serie de medidas de seguridad, incluido el software de Secure Sockets Layer (SSL), que cifra y garantiza la seguridad de cualquier informaci\u00f3n que ingrese utilizando el Sitio. El Proveedor de Servicios tiene su sede en el Reino Unido.<\/p>\r\n<p>La siguiente informaci\u00f3n se recopila de dos maneras, directa e indirectamente: &#8211;<\/p>\r\n<p>Recopilaci\u00f3n de informaci\u00f3n directa<\/p>\r\n<p>La informaci\u00f3n personal se recopila directamente cuando, por ejemplo, se registra en el Sitio, completa formularios en l\u00ednea o se comunica con nosotros por correo, tel\u00e9fono o correo electr\u00f3nico. La informaci\u00f3n personal es informaci\u00f3n por la cual usted o otra persona pueden ser identificados, por ejemplo, nombre, direcci\u00f3n o fecha de nacimiento. Esto incluye datos personales proporcionados por usted cuando:<\/p>\r\n<ul>\r\n<li>crea una cuenta en nuestro Sitio;<\/li>\r\n<li>se suscribe a nuestro servicio o publicaciones;<\/li>\r\n<li>solicita recibir materiales de marketing;<\/li>\r\n<li>participa en una competici\u00f3n, promoci\u00f3n o encuesta; o<\/li>\r\n<li>nos proporciona comentarios o se pone en contacto con nosotros.<\/li>\r\n<\/ul>\r\n<p><strong>Informaci\u00f3n de seguimiento indirecto<\/strong><\/p>\r\n<p>La informaci\u00f3n de seguimiento se recopila indirectamente cuando accede al Sitio. Esta informaci\u00f3n se recopila autom\u00e1ticamente. En cada una de sus visitas al Sitio, podemos recopilar autom\u00e1ticamente la siguiente informaci\u00f3n:<\/p>\r\n<ul>\r\n<li>informaci\u00f3n t\u00e9cnica, incluida la direcci\u00f3n de protocolo de Internet (IP) utilizada para conectar su computadora a Internet, su informaci\u00f3n de inicio de sesi\u00f3n, tipo y versi\u00f3n de navegador, configuraci\u00f3n de zona horaria, tipos y versiones de complementos de navegador, sistema operativo y plataforma;<\/li>\r\n<li>informaci\u00f3n sobre su visita, incluidos los Localizadores Uniformes de Recursos (URL) completos de clics a trav\u00e9s y desde el Sitio (incluida la fecha y hora); productos que ha visto o buscado; tiempos de respuesta de p\u00e1ginas, errores de descarga, duraci\u00f3n de las visitas a ciertas p\u00e1ginas, informaci\u00f3n de interacci\u00f3n de la p\u00e1gina (como desplazamientos, clics y movimientos del mouse) y m\u00e9todos utilizados para salir de una p\u00e1gina. La informaci\u00f3n de seguimiento se recopila mediante &#8220;cookies&#8221; o peque\u00f1os archivos de datos que se pueden utilizar, por ejemplo, para rastrear las p\u00e1ginas que visita. Aunque las cookies no contienen informaci\u00f3n personal sobre usted, son \u00fanicas para cada usuario del Sitio, de modo que las computadoras del Sitio pueden distinguir entre los usuarios. Para obtener informaci\u00f3n detallada sobre las cookies que utilizamos y los fines para los que las utilizamos, consulte nuestra Pol\u00edtica de Cookies.<\/li>\r\n<\/ul>\r\n<p>Tambi\u00e9n recopilamos, utilizamos y compartimos Datos Agregados, como datos estad\u00edsticos o demogr\u00e1ficos, para cualquier prop\u00f3sito. Los Datos Agregados pueden derivarse de sus datos personales, pero no se consideran datos personales en la ley, ya que estos datos no revelar\u00e1n directa o indirectamente su identidad. Por ejemplo, podemos agregar sus Datos de Uso para calcular el porcentaje de usuarios que acceden a una funci\u00f3n espec\u00edfica del sitio web. Sin embargo, si combinamos o conectamos Datos Agregados con sus datos personales de manera que pueda identificarlo directa o indirectamente, trataremos los datos combinados como datos personales que se utilizar\u00e1n de acuerdo con esta pol\u00edtica de privacidad.<\/p>\r\n<p>No recopilamos Categor\u00edas Especiales de Datos Personales sobre usted (esto incluye detalles sobre su raza o etnia, creencias religiosas o filos\u00f3ficas, vida sexual, orientaci\u00f3n sexual, opiniones pol\u00edticas, afiliaci\u00f3n sindical, informaci\u00f3n sobre su salud y datos gen\u00e9ticos y biom\u00e9tricos). Tampoco recopilamos informaci\u00f3n sobre condenas penales y delitos.<\/p>\r\n\r\n\r\n\r\n<h3 class=\"wp-block-heading\">2. C\u00d3MO UTILIZAMOS LA INFORMACI\u00d3N<\/h3>\r\n<p>Solo utilizaremos sus datos personales cuando la ley nos lo permita. Com\u00fanmente, utilizamos sus datos personales en las siguientes circunstancias:<\/p>\r\n<ul>\r\n<li>Cuando necesitemos cumplir el contrato que estamos a punto de celebrar o que hemos celebrado con usted.<\/li>\r\n<li>Cuando sea necesario para nuestros intereses leg\u00edtimos (o los de un tercero) y sus intereses y derechos fundamentales no anulen esos intereses.<\/li>\r\n<li>Cuando necesitemos cumplir con una obligaci\u00f3n legal. En general, no confiamos en el consentimiento como base legal para procesar sus datos personales, aunque obtendremos su consentimiento antes de enviarle comunicaciones de marketing directo de terceros. Tiene derecho a retirar su consentimiento para el marketing en cualquier momento poni\u00e9ndose en contacto con nosotros.<\/li>\r\n<\/ul>\r\n<p><strong>Informaci\u00f3n personal<\/strong><\/p>\r\n<p>Esta informaci\u00f3n se guarda de forma segura por el Proveedor de Servicios y la accesamos con el prop\u00f3sito de gestionar sus consultas, proporcionarle informaci\u00f3n que necesite o requiera sobre nuestros productos, procesar pedidos, comunicarnos con usted, garantizar que el contenido del Sitio se presente de la manera m\u00e1s efectiva para usted y para su computadora, y, en general, mantener su cuenta con nosotros. Para estos fines, algunos o todos los datos personales proporcionados por usted pueden ser transferidos desde el Proveedor de Servicios a nosotros, o replicados por nosotros y almacenados por nosotros en nuestras propias bases de datos. El Proveedor de Servicios puede tener acceso a la informaci\u00f3n para realizar sus funciones, pero no puede utilizarla para ning\u00fan otro prop\u00f3sito.<\/p>\r\n<p>Los datos personales se almacenar\u00e1n durante el tiempo que sea razonablemente necesario para proporcionarle los productos y servicios que requiera.<\/p>\r\n<p><strong>Informaci\u00f3n de seguimiento<\/strong><\/p>\r\n<p>Utilizaremos esta informaci\u00f3n:<\/p>\r\n<ul>\r\n<li>Para administrar el Sitio y para operaciones internas, incluyendo la soluci\u00f3n de problemas, el an\u00e1lisis de datos, las pruebas, la investigaci\u00f3n, los fines estad\u00edsticos y las encuestas.<\/li>\r\n<li>Para mejorar el Sitio y garantizar que el contenido se presente de la manera m\u00e1s efectiva para usted y para su computadora.<\/li>\r\n<li>Para permitirle participar en funciones interactivas de nuestro servicio, cuando decida hacerlo.<\/li>\r\n<li>Como parte de nuestros esfuerzos por mantener el Sitio seguro.<\/li>\r\n<li>Para medir o comprender la efectividad de la publicidad que le servimos a usted y a otros, y para proporcionar publicidad relevante para usted.<\/li>\r\n<li>Para hacer sugerencias y recomendaciones a usted y a otros usuarios del Sitio sobre productos o servicios que puedan interesarle a usted o a ellos.<\/li>\r\n<\/ul>\r\n<h3>3. ELIMINACI\u00d3N DE DATOS PERSONALES Y &#8220;OPTAR POR NO PARTICIPAR&#8221;<\/h3>\r\n<p>Si ha enviado datos personales a nosotros que desea que se eliminen de nuestra base de datos y\/o de la base de datos de nuestro Proveedor de Servicios, debe ponerse en contacto con nosotros en <a href=\"mailto:iol_enquiries@rayner.com\" target=\"_blank\" rel=\"noopener\">iol_enquiries@rayner.com<\/a>.<\/p>\r\n<p>Si ha proporcionado detalles de contacto personales que no desea que utilicemos con el fin de enviarle material promocional, debe ponerse en contacto con nosotros en la direcci\u00f3n de correo electr\u00f3nico mencionada anteriormente. Puede optar por no recibir dicho material en cualquier momento.<\/p>\r\n<h3>4. ACTUALIZACI\u00d3N DE LA INFORMACI\u00d3N PERSONAL<\/h3>\r\n<p>Si la informaci\u00f3n personal enviada a trav\u00e9s del Sitio necesita actualizarse, los cambios deben ser notificados a nosotros en la direcci\u00f3n de correo electr\u00f3nico mencionada anteriormente.<\/p>\r\n<h3>5. DIVULGACI\u00d3N DE SU INFORMACI\u00d3N<\/h3>\r\n<p>Podemos compartir su informaci\u00f3n personal con cualquier miembro de nuestro grupo, lo que significa nuestras subsidiarias, nuestra empresa matriz y sus subsidiarias, seg\u00fan se define en la secci\u00f3n 1159 de la Ley de Sociedades del Reino Unido de 2006.<\/p>\r\n<p>Podemos compartir su informaci\u00f3n con terceros seleccionados, incluyendo:<\/p>\r\n<ul>\r\n<li>Socios comerciales, proveedores y subcontratistas para la ejecuci\u00f3n de cualquier contrato que celebremos con ellos o con usted.<\/li>\r\n<li>Proveedores de servicios que brindan servicios de administraci\u00f3n de sistemas de TI.<\/li>\r\n<li>Asesores profesionales, incluidos abogados, banqueros, auditores y aseguradoras que brindan servicios de consultor\u00eda, bancarios, legales, de seguros y contables.<\/li>\r\n<li>HM Revenue &amp; Customs, reguladores y otras autoridades que requieran informes de actividades de procesamiento en determinadas circunstancias.<\/li>\r\n<li>Proveedores de an\u00e1lisis y motores de b\u00fasqueda que nos ayudan en la mejora y optimizaci\u00f3n del Sitio. Podemos divulgar su informaci\u00f3n personal a terceros:<\/li>\r\n<li>En caso de que vendamos o compremos cualquier negocio o activo, en cuyo caso podemos divulgar sus datos personales al vendedor o comprador potencial de dicho negocio o activos.<\/li>\r\n<li>Si Rayner o la mayor\u00eda de sus activos son adquiridos por un tercero, en cuyo caso los datos personales que tiene sobre sus clientes ser\u00e1n uno de los activos transferidos.<\/li>\r\n<li>Si estamos bajo el deber de divulgar o compartir sus datos personales para cumplir con cualquier obligaci\u00f3n legal, o para hacer valer o aplicar nuestros T\u00e9rminos de Uso y otros acuerdos; o para proteger los derechos, la propiedad o la seguridad de Rayner Intraocular Lenses Limited, nuestros clientes u otros. Exigimos a todos los terceros que respeten la seguridad de sus datos personales y que los traten de acuerdo con la ley. No permitimos que nuestros proveedores de servicios de terceros utilicen sus datos personales para sus propios fines y solo les permitimos procesar sus datos personales para fines espec\u00edficos y de acuerdo con nuestras instrucciones.<\/li>\r\n<\/ul>\r\n<h3>6. TRANSFERENCIAS INTERNACIONALES<\/h3>\r\n<p>En general, no transferimos sus datos personales fuera del Espacio Econ\u00f3mico Europeo (EEE). Una excepci\u00f3n a esta regla general es cuando se proporcionan datos personales en relaci\u00f3n con una consulta de producto para una jurisdicci\u00f3n fuera del EEE. En tales circunstancias, proporcionaremos tales datos personales (incluido nombre y datos de contacto) a nuestro distribuidor autorizado en la jurisdicci\u00f3n relevante.<\/p>\r\n<h3>7. SEGURIDAD DE DATOS Y VIOLACIONES DE DATOS<\/h3>\r\n<p>Hemos implementado medidas de seguridad adecuadas para evitar que sus datos personales se pierdan, se utilicen o se accedan de manera no autorizada, se alteren o se divulguen. Adem\u00e1s, limitamos el acceso a sus datos personales a aquellos empleados, agentes, contratistas y otros terceros que tengan una necesidad empresarial de conocerlos. Solo procesar\u00e1n sus datos personales seg\u00fan nuestras instrucciones y estar\u00e1n sujetos a un deber de confidencialidad.<\/p>\r\n<p>Hemos implementado procedimientos para tratar cualquier sospecha de violaci\u00f3n de datos personales y lo notificaremos a usted y al regulador correspondiente en caso de que estemos legalmente obligados a hacerlo.<\/p>\r\n<h3>8. RETENCI\u00d3N DE DATOS<\/h3>\r\n<p>Por ley, debemos conservar informaci\u00f3n b\u00e1sica sobre nuestros clientes (incluidos datos de contacto, identidad, financieros y datos de transacciones) durante seis a\u00f1os despu\u00e9s de que dejen de ser clientes con fines fiscales.<\/p>\r\n<p>En algunas circunstancias, puede solicitarnos que eliminemos sus datos: consulte sus derechos legales a continuaci\u00f3n para obtener m\u00e1s informaci\u00f3n.<\/p>\r\n<p>En algunas circunstancias, anonimizaremos sus datos personales (para que ya no se puedan asociar con usted) con fines de investigaci\u00f3n o estad\u00edsticos, en cuyo caso podemos utilizar esta informaci\u00f3n indefinidamente sin previo aviso.<\/p>\r\n<h3>9. SUS DERECHOS LEGALES<\/h3>\r\n<p>En determinadas circunstancias, tiene derechos en virtud de las leyes de protecci\u00f3n de datos en relaci\u00f3n con sus datos personales. Haga clic en los enlaces a continuaci\u00f3n para obtener m\u00e1s informaci\u00f3n sobre estos derechos:<\/p>\r\n<ul>\r\n<li>Solicitar acceso a sus datos personales.<\/li>\r\n<li>Solicitar correcci\u00f3n de sus datos personales.<\/li>\r\n<li>Solicitar la eliminaci\u00f3n de sus datos personales.<\/li>\r\n<li>Oponerse al procesamiento de sus datos personales.<\/li>\r\n<li>Solicitar la restricci\u00f3n del procesamiento de sus datos personales.<\/li>\r\n<li>Solicitar la transferencia de sus datos personales.<\/li>\r\n<li>Derecho a retirar el consentimiento. Si desea ejercer alguno de los derechos mencionados anteriormente, p\u00f3ngase en contacto con nosotros en <a href=\"mailto:iol_enquiries@rayner.com\" target=\"_blank\" rel=\"noopener\">iol_enquiries@rayner.com<\/a>.<\/li>\r\n<\/ul>\r\n<p><strong>Por lo general, no se requiere un pago de tarifa<\/strong><\/p>\r\n<p>No tendr\u00e1 que pagar una tarifa para acceder a sus datos personales (o para ejercer cualquiera de los otros derechos). Sin embargo, podemos cobrar una tarifa razonable si su solicitud es claramente infundada, repetitiva o excesiva. Alternativamente, podr\u00edamos negarnos a cumplir con su solicitud en estas circunstancias.<\/p>\r\n<p><strong>Lo que podemos necesitar de usted<\/strong><\/p>\r\n<p>Es posible que necesitemos solicitarle informaci\u00f3n espec\u00edfica para ayudarnos a confirmar su identidad y garantizar su derecho a acceder a sus datos personales (o para ejercer cualquiera de sus otros derechos). Esta es una medida de seguridad para garantizar que los datos personales no se divulguen a ninguna persona que no tenga derecho a recibirlos. Tambi\u00e9n podemos comunicarnos con usted para solicitarle m\u00e1s informaci\u00f3n en relaci\u00f3n con su solicitud para acelerar nuestra respuesta.<\/p>\r\n<p><strong>L\u00edmite de tiempo para responder<\/strong><\/p>\r\n<p>Intentamos responder a todas las solicitudes leg\u00edtimas en un plazo de un mes. Ocasionalmente, podr\u00eda llevarnos m\u00e1s de un mes si su solicitud es particularmente compleja o ha realizado varias solicitudes. En este caso, le notificaremos y lo mantendremos informado.<\/p>\r\n<h3>10. ENLACES A SITIOS WEB DE TERCEROS<\/h3>\r\n<p>El Sitio puede contener enlaces u otras referencias a sitios web publicados por terceros. Estos sitios web no est\u00e1n bajo nuestro control y no somos responsables de la recopilaci\u00f3n y el uso de su informaci\u00f3n por parte de estos sitios web.<\/p>\r\n<h3>11. C\u00d3MO CONTACTARNOS<\/h3>\r\n<p>Si tiene alguna pregunta sobre nuestra Pol\u00edtica de Privacidad, por favor escriba a Rayner, 10 Dominion Way, Worthing, West Sussex BN14 8AQ o, alternativamente, env\u00edenos un correo electr\u00f3nico a <a href=\"mailto:enquiries@rayner.com\" target=\"_blank\" rel=\"noopener\">enquiries@rayner.com<\/a>. \u00a9 2023 Rayner Group<\/p>\r\n<p>&nbsp;<\/p>\r\n","protected":false},"excerpt":{"rendered":"<p>&nbsp; Pol\u00edtica de privacidad POL\u00cdTICA DE PRIVACIDAD DEL SITIO WEB DE RAYNER Por favor, no se registre en este sitio si no desea que procesemos informaci\u00f3n seg\u00fan se describe en esta pol\u00edtica. Aseg\u00farese de tener el consentimiento previo antes de ingresar los datos personales de otra persona en este sitio. Este sitio web www.rayner.com (el [&hellip;]<\/p>\n","protected":false},"author":4,"featured_media":0,"parent":0,"menu_order":102,"comment_status":"closed","ping_status":"closed","template":"page-basic.php","meta":{"_acf_changed":false,"inline_featured_image":false,"footnotes":""},"acf":[],"yoast_head":"<!-- This site is optimized with the Yoast SEO plugin v22.5 - https:\/\/yoast.com\/wordpress\/plugins\/seo\/ -->\n<title>Rayner : Peer 2 Peer - ES | Pol\u00edtica de Privacidad<\/title>\n<meta name=\"robots\" content=\"noindex, follow, max-snippet:-1, max-image-preview:large, max-video-preview:-1\" \/>\n<meta property=\"og:locale\" content=\"en_GB\" \/>\n<meta property=\"og:type\" content=\"article\" \/>\n<meta property=\"og:title\" content=\"Rayner : Peer 2 Peer - ES | Pol\u00edtica de Privacidad\" \/>\n<meta property=\"og:description\" content=\"&nbsp; Pol\u00edtica de privacidad POL\u00cdTICA DE PRIVACIDAD DEL SITIO WEB DE RAYNER Por favor, no se registre en este sitio si no desea que procesemos informaci\u00f3n seg\u00fan se describe en esta pol\u00edtica. Aseg\u00farese de tener el consentimiento previo antes de ingresar los datos personales de otra persona en este sitio. Este sitio web www.rayner.com (el [&hellip;]\" \/>\n<meta property=\"og:url\" content=\"https:\/\/rayner.com\/peer2peer-es\/privacy-policy\/\" \/>\n<meta property=\"og:site_name\" content=\"Rayner : Peer 2 Peer - ES\" \/>\n<meta property=\"article:modified_time\" content=\"2023-10-06T11:14:58+00:00\" \/>\n<meta name=\"twitter:card\" content=\"summary_large_image\" \/>\n<meta name=\"twitter:label1\" content=\"Estimated reading time\" \/>\n\t<meta name=\"twitter:data1\" content=\"10 minutes\" \/>\n<script type=\"application\/ld+json\" class=\"yoast-schema-graph\">{\"@context\":\"https:\/\/schema.org\",\"@graph\":[{\"@type\":\"WebPage\",\"@id\":\"https:\/\/rayner.com\/peer2peer-es\/privacy-policy\/\",\"url\":\"https:\/\/rayner.com\/peer2peer-es\/privacy-policy\/\",\"name\":\"Rayner : Peer 2 Peer - ES | Pol\u00edtica de Privacidad\",\"isPartOf\":{\"@id\":\"https:\/\/rayner.com\/peer2peer-es\/#website\"},\"datePublished\":\"2021-05-18T12:53:31+00:00\",\"dateModified\":\"2023-10-06T11:14:58+00:00\",\"inLanguage\":\"en-GB\",\"potentialAction\":[{\"@type\":\"ReadAction\",\"target\":[\"https:\/\/rayner.com\/peer2peer-es\/privacy-policy\/\"]}]},{\"@type\":\"WebSite\",\"@id\":\"https:\/\/rayner.com\/peer2peer-es\/#website\",\"url\":\"https:\/\/rayner.com\/peer2peer-es\/\",\"name\":\"Rayner : Peer 2 Peer - ES\",\"description\":\"Just another WordPress site\",\"potentialAction\":[{\"@type\":\"SearchAction\",\"target\":{\"@type\":\"EntryPoint\",\"urlTemplate\":\"https:\/\/rayner.com\/peer2peer-es\/?s={search_term_string}\"},\"query-input\":\"required name=search_term_string\"}],\"inLanguage\":\"en-GB\"}]}<\/script>\n<!-- \/ Yoast SEO plugin. -->","yoast_head_json":{"title":"Rayner : Peer 2 Peer - ES | Pol\u00edtica de Privacidad","robots":{"index":"noindex","follow":"follow","max-snippet":"max-snippet:-1","max-image-preview":"max-image-preview:large","max-video-preview":"max-video-preview:-1"},"og_locale":"en_GB","og_type":"article","og_title":"Rayner : Peer 2 Peer - ES | Pol\u00edtica de Privacidad","og_description":"&nbsp; Pol\u00edtica de privacidad POL\u00cdTICA DE PRIVACIDAD DEL SITIO WEB DE RAYNER Por favor, no se registre en este sitio si no desea que procesemos informaci\u00f3n seg\u00fan se describe en esta pol\u00edtica. Aseg\u00farese de tener el consentimiento previo antes de ingresar los datos personales de otra persona en este sitio. Este sitio web www.rayner.com (el [&hellip;]","og_url":"https:\/\/rayner.com\/peer2peer-es\/privacy-policy\/","og_site_name":"Rayner : Peer 2 Peer - ES","article_modified_time":"2023-10-06T11:14:58+00:00","twitter_card":"summary_large_image","twitter_misc":{"Estimated reading time":"10 minutes"},"schema":{"@context":"https:\/\/schema.org","@graph":[{"@type":"WebPage","@id":"https:\/\/rayner.com\/peer2peer-es\/privacy-policy\/","url":"https:\/\/rayner.com\/peer2peer-es\/privacy-policy\/","name":"Rayner : Peer 2 Peer - ES | Pol\u00edtica de Privacidad","isPartOf":{"@id":"https:\/\/rayner.com\/peer2peer-es\/#website"},"datePublished":"2021-05-18T12:53:31+00:00","dateModified":"2023-10-06T11:14:58+00:00","inLanguage":"en-GB","potentialAction":[{"@type":"ReadAction","target":["https:\/\/rayner.com\/peer2peer-es\/privacy-policy\/"]}]},{"@type":"WebSite","@id":"https:\/\/rayner.com\/peer2peer-es\/#website","url":"https:\/\/rayner.com\/peer2peer-es\/","name":"Rayner : Peer 2 Peer - ES","description":"Just another WordPress site","potentialAction":[{"@type":"SearchAction","target":{"@type":"EntryPoint","urlTemplate":"https:\/\/rayner.com\/peer2peer-es\/?s={search_term_string}"},"query-input":"required name=search_term_string"}],"inLanguage":"en-GB"}]}},"_links":{"self":[{"href":"https:\/\/rayner.com\/peer2peer-es\/wp-json\/wp\/v2\/pages\/3"}],"collection":[{"href":"https:\/\/rayner.com\/peer2peer-es\/wp-json\/wp\/v2\/pages"}],"about":[{"href":"https:\/\/rayner.com\/peer2peer-es\/wp-json\/wp\/v2\/types\/page"}],"author":[{"embeddable":true,"href":"https:\/\/rayner.com\/peer2peer-es\/wp-json\/wp\/v2\/users\/4"}],"replies":[{"embeddable":true,"href":"https:\/\/rayner.com\/peer2peer-es\/wp-json\/wp\/v2\/comments?post=3"}],"version-history":[{"count":7,"href":"https:\/\/rayner.com\/peer2peer-es\/wp-json\/wp\/v2\/pages\/3\/revisions"}],"predecessor-version":[{"id":4892,"href":"https:\/\/rayner.com\/peer2peer-es\/wp-json\/wp\/v2\/pages\/3\/revisions\/4892"}],"wp:attachment":[{"href":"https:\/\/rayner.com\/peer2peer-es\/wp-json\/wp\/v2\/media?parent=3"}],"curies":[{"name":"wp","href":"https:\/\/api.w.org\/{rel}","templated":true}]}}