{"id":466,"date":"2022-02-16T18:18:07","date_gmt":"2022-02-16T18:18:07","guid":{"rendered":"https:\/\/rayner.com\/pl\/?page_id=466"},"modified":"2022-08-26T07:03:37","modified_gmt":"2022-08-26T07:03:37","slug":"warunki-korzystania","status":"publish","type":"page","link":"https:\/\/rayner.com\/pl\/warunki-korzystania\/","title":{"rendered":"Warunki korzystania"},"content":{"rendered":"<h2>Warunki u\u017cytkowania strony www<\/h2>\n<p>PROSIMY O DOK\u0141ADNE ZAPOZNANIE SI\u0118 Z NINIEJSZYMI WARUNKAMI PRZED ROZPOCZ\u0118CIEM KORZYSTANIA Z NINIEJSZEJ WITRYNY.<\/p>\n<p>Niniejsza witryna internetowa www.staging.rayner.com (&#8220;Witryna&#8221;) zosta\u0142a stworzona i jest obs\u0142ugiwana przez firm\u0119 Rayner Intraocular Lenses Limited (&#8220;Rayner&#8221;).<\/p>\n<p>Niniejsze Warunki u\u017cytkowania zawieraj\u0105 wa\u017cne informacje i okre\u015blaj\u0105 Pa\u0144stwa prawa i obowi\u0105zki jako u\u017cytkownik\u00f3w tej witryny.<\/p>\n<ol>\n<li><strong>Cel i skutek<\/strong><\/li>\n<\/ol>\n<p>Niniejsze Warunki u\u017cytkowania s\u0105 prawnie wi\u0105\u017c\u0105ce i okre\u015blaj\u0105 prawa i obowi\u0105zki firmy Rayner (&#8220;my&#8221; lub &#8220;nas&#8221;) oraz Pa\u0144stwa, jako u\u017cytkownik\u00f3w, w zwi\u0105zku z korzystaniem przez Pa\u0144stwa z Witryny oraz wszelkich us\u0142ug, kt\u00f3re oferujemy za jej po\u015brednictwem.<\/p>\n<p>Rejestruj\u0105c si\u0119 u nas i\/lub korzystaj\u0105c z Witryny, wyra\u017casz zgod\u0119 na przestrzeganie niniejszych Warunk\u00f3w.\u00a0 Je\u015bli nie zgadzasz si\u0119 z niniejszymi warunkami u\u017cytkowania, nie wolno Ci korzysta\u0107 z Witryny.<\/p>\n<p>Mo\u017cemy zmienia\u0107 niniejsze Warunki od czasu do czasu poprzez zmian\u0119 tej strony.\u00a0 Prosimy o sprawdzanie od czasu do czasu, czy nie wprowadzili\u015bmy zmian, poniewa\u017c s\u0105 one dla Pa\u0144stwa wi\u0105\u017c\u0105ce. Korzystanie z Witryny b\u0119dzie uznawane za akceptacj\u0119 takich zmian. Twoim obowi\u0105zkiem jest upewnienie si\u0119, \u017ce wiesz, czytasz i rozumiesz wszelkie zmiany w niniejszych Warunkach.<\/p>\n<ol start=\"2\">\n<li><strong>Inne obowi\u0105zuj\u0105ce warunki<\/strong><\/li>\n<\/ol>\n<p>Niniejsze Warunki u\u017cytkowania odnosz\u0105 si\u0119 do nast\u0119puj\u0105cych dodatkowych warunk\u00f3w, kt\u00f3re r\u00f3wnie\u017c maj\u0105 zastosowanie do korzystania przez Pa\u0144stwa z Witryny:<\/p>\n<p>Nasza Polityka Prywatno\u015bci , kt\u00f3ra okre\u015bla warunki, na jakich przetwarzamy wszelkie dane osobowe, kt\u00f3re zbieramy od Pa\u0144stwa lub kt\u00f3re Pa\u0144stwo nam przekazuj\u0105. Korzystaj\u0105c z Witryny, u\u017cytkownik wyra\u017ca zgod\u0119 na takie przetwarzanie i gwarantuje, \u017ce wszystkie podane przez niego dane s\u0105 dok\u0142adne.<\/p>\n<p>Nasza Polityka dotycz\u0105ca plik\u00f3w cookie , kt\u00f3ra okre\u015bla informacje na temat stosowania plik\u00f3w cookie na Stronie.<\/p>\n<ol start=\"3\">\n<li><strong>Informacje o nas<\/strong><\/li>\n<\/ol>\n<p>Firma Rayner Intraocular Lenses Limited jest zarejestrowana w Anglii i Walii pod numerem 00615539, a nasza siedziba mie\u015bci si\u0119 pod adresem 10 Dominion Way, Worthing, West Sussex, BN14 8AQ.<\/p>\n<ol start=\"4\">\n<li><strong>Niew\u0142a\u015bciwe korzystanie z witryny<\/strong><\/li>\n<\/ol>\n<p>Mo\u017cemy zawiesi\u0107 lub natychmiast zako\u0144czy\u0107 korzystanie z Witryny, je\u015bli naszym zdaniem, u\u017cytkownik nadu\u017cywa jej lub je\u015bli narusza kt\u00f3rykolwiek z niniejszych Warunk\u00f3w, w tym, bez ogranicze\u0144, tych odnosz\u0105cych si\u0119 do nast\u0119puj\u0105cych zabronionych sposob\u00f3w korzystania z Witryny:<\/p>\n<p>U\u017cytkownik zobowi\u0105zuje si\u0119, \u017ce nie b\u0119dzie:<\/p>\n<ul>\n<li>Modyfikowa\u0107, adaptowa\u0107, udziela\u0107 sublicencji, t\u0142umaczy\u0107, sprzedawa\u0107, odsprzedawa\u0107, retransmitowa\u0107, odtwarza\u0107 kodu \u017ar\u00f3d\u0142owego, dekompilowa\u0107 ani dezasemblowa\u0107 \u017cadnej cz\u0119\u015bci Strony;<\/li>\n<li>Zamieszcza\u0107, przechowywa\u0107 lub przekazywa\u0107 jakichkolwiek informacji lub materia\u0142\u00f3w niezgodnych z prawem, zawieraj\u0105cych gro\u017aby, znies\u0142awiaj\u0105cych, nieprzyzwoitych, obscenicznych, pornograficznych, blu\u017anierczych lub w inny spos\u00f3b obra\u017aliwych lub niestosownych (wed\u0142ug naszej oceny);<\/li>\n<li>Zamieszcza\u0107, przechowywa\u0107 lub przekazywa\u0107 jakichkolwiek informacji lub materia\u0142\u00f3w, kt\u00f3re mog\u0142yby stanowi\u0107 lub stanowi\u0105 przest\u0119pstwo lub w inny spos\u00f3b naruszaj\u0105 jakiekolwiek przepisy prawa;<\/li>\n<li>Zamieszcza\u0107 lub przekazywa\u0107 jakichkolwiek reklam, promocji lub nagabywania o towary lub us\u0142ugi bez naszej wyra\u017anej zgody;<\/li>\n<li>Zak\u0142\u00f3ca\u0107 (lub podejmowa\u0107 pr\u00f3b zak\u0142\u00f3cania) dzia\u0142ania Strony. Zak\u0142\u00f3cenia takie obejmuj\u0105 ingerencj\u0119, pokonywanie lub obchodzenie jakichkolwiek funkcji bezpiecze\u0144stwa Strony lub pr\u00f3by takich dzia\u0142a\u0144;<\/li>\n<li>Wykorzystywa\u0107 Strony do cel\u00f3w niezgodnych z prawem;<\/li>\n<li>Wykorzystywa\u0107 Strony do zamieszczania, przechowywania lub przesy\u0142ania jakichkolwiek informacji lub oprogramowania zawieraj\u0105cego wirusy, robaki, konie troja\u0144skie lub inne szkodliwe lub zak\u0142\u00f3caj\u0105ce prac\u0119 komponenty;<\/li>\n<li>Nadu\u017cywa\u0107 funkcji poczty elektronicznej dost\u0119pnej na Stronie lub za jej po\u015brednictwem.<\/li>\n<\/ul>\n<ol start=\"5\">\n<li><strong>Linki do innych stron internetowych<\/strong><\/li>\n<\/ol>\n<p>Strona mo\u017ce zawiera\u0107 linki lub odniesienia do innych stron internetowych lub zasob\u00f3w. Nie kontrolujemy ani nie popieramy innych stron internetowych, chyba \u017ce jest to wyra\u017anie zaznaczone. Nie dokonali\u015bmy przegl\u0105du ani nie zatwierdzili\u015bmy zawarto\u015bci \u017cadnej z takich innych stron internetowych.<\/p>\n<p>U\u017cytkownik zgadza si\u0119, \u017ce nie ponosimy odpowiedzialno\u015bci za legalno\u015b\u0107, dok\u0142adno\u015b\u0107 lub niew\u0142a\u015bciwy charakter jakichkolwiek tre\u015bci, reklam, produkt\u00f3w, us\u0142ug lub informacji znajduj\u0105cych si\u0119 na lub za po\u015brednictwem innych stron internetowych, ani za jakiekolwiek straty lub szkody spowodowane lub rzekomo spowodowane przez korzystanie z takich tre\u015bci lub poleganie na nich.<\/p>\n<ol start=\"6\">\n<li><strong>\u0141\u0105czenie si\u0119 z Witryn\u0105<\/strong><\/li>\n<\/ol>\n<p>Przed utworzeniem jakiegokolwiek linku do Strony nale\u017cy uzyska\u0107 od nas uprzedni\u0105 zgod\u0119. Nie wolno tworzy\u0107 link\u00f3w w spos\u00f3b sugeruj\u0105cy jak\u0105kolwiek form\u0119 stowarzyszenia, aprobaty lub poparcia z naszej strony, je\u015bli takie nie istniej\u0105.<\/p>\n<p>Nie wolno umieszcza\u0107 link\u00f3w do Strony na stronach, kt\u00f3rych w\u0142a\u015bcicielem nie jest U\u017cytkownik.<\/p>\n<p>Strona nie mo\u017ce by\u0107 umieszczona w ramce na \u017cadnej innej stronie, ani nie wolno tworzy\u0107 link\u00f3w do \u017cadnej cz\u0119\u015bci Strony poza stron\u0105 g\u0142\u00f3wn\u0105.<\/p>\n<p>Zastrzegamy sobie prawo do wycofania zgody na umieszczenie linku bez uprzedzenia.<\/p>\n<p>W przypadku ch\u0119ci wykorzystania tre\u015bci zawartych na Stronie w spos\u00f3b inny ni\u017c opisany w niniejszych Warunkach, nale\u017cy skontaktowa\u0107 si\u0119 z iol_enquiries@rayner.com.<\/p>\n<ol start=\"7\">\n<li><strong>Zrzeczenie si\u0119 odpowiedzialno\u015bci<\/strong><\/li>\n<\/ol>\n<p>Witryna, materia\u0142y na niej zawarte oraz wszelkie us\u0142ugi uzyskane lub dost\u0119pne za po\u015brednictwem Witryny s\u0105 dostarczane przez nas bez jakichkolwiek o\u015bwiadcze\u0144 lub gwarancji, zar\u00f3wno wyra\u017anych, jak i dorozumianych.<\/p>\n<p>W najszerszym zakresie dopuszczalnym przez prawo Rayner wy\u0142\u0105cza wszelkie gwarancje, wyra\u017ane, dorozumiane lub ustawowe, w tym wszelkie gwarancje dotycz\u0105ce adekwatno\u015bci, dok\u0142adno\u015bci lub kompletno\u015bci jakichkolwiek informacji zawartych w Witrynie lub tego, \u017ce jest ona wolna od wad lub wirus\u00f3w.<\/p>\n<p>U\u017cytkownik ponosi ca\u0142kowit\u0105 odpowiedzialno\u015b\u0107 i ryzyko za korzystanie z Witryny oraz wszelkie poleganie na niej lub na informacjach lub materia\u0142ach w niej zawartych.<\/p>\n<ol start=\"8\">\n<li>Ograniczenie odpowiedzialno\u015bci<\/li>\n<\/ol>\n<p>Witryna i jej zawarto\u015b\u0107 s\u0105 udost\u0119pniane u\u017cytkownikowi bezp\u0142atnie. Rayner wyra\u017anie wy\u0142\u0105cza wszelk\u0105 odpowiedzialno\u015b\u0107 za nast\u0119puj\u0105ce kwestie:<\/p>\n<ul>\n<li>Jakiekolwiek zaniedbanie ze strony Rayner w celu zapewnienia, \u017ce nie narusza ona praw w\u0142asno\u015bci intelektualnej jakiejkolwiek osoby trzeciej;<\/li>\n<li>Oszustwa pope\u0142nione przez jakiegokolwiek u\u017cytkownika Witryny;<\/li>\n<li>Jakikolwiek link na Witrynie do jakiejkolwiek innej witryny lub cz\u0119\u015bci Internetu;<\/li>\n<li>Straty lub szkody spowodowane op\u00f3\u017anieniem lub b\u0142\u0119dami w Witrynie lub przestojem w jej dzia\u0142aniu, lub wynikaj\u0105ce z nieudanego dzia\u0142ania Internetu.<\/li>\n<\/ul>\n<p>\u017badne z postanowie\u0144 niniejszego Regulaminu nie ma na celu ograniczenia lub wy\u0142\u0105czenia jakiejkolwiek odpowiedzialno\u015bci Rayner w przypadku i w zakresie, w jakim obowi\u0105zuj\u0105ce prawo zabrania takiego wy\u0142\u0105czenia lub ograniczenia. Ustawowe prawa konsument\u00f3w korzystaj\u0105cych z Witryny pozostaj\u0105 nienaruszone.<\/p>\n<p>Rayner nie ponosi odpowiedzialno\u015bci za jakiekolwiek przypadkowe, wynikowe, specjalne, przyk\u0142adowe, karne lub inne szkody w ramach jakiejkolwiek umowy, zaniedbania lub \u015bcis\u0142ej odpowiedzialno\u015bci wynikaj\u0105cej z lub zwi\u0105zanej w jakikolwiek spos\u00f3b z Witryn\u0105 i\/lub jej zawarto\u015bci\u0105.<\/p>\n<p>Rayner nie ponosi odpowiedzialno\u015bci za jakiekolwiek straty lub szkody spowodowane przez wirusy, rozproszone ataki typu denial-of-service lub inne technologicznie szkodliwe materia\u0142y, kt\u00f3re mog\u0105 zainfekowa\u0107 sprz\u0119t komputerowy, programy komputerowe, dane lub inne materia\u0142y b\u0119d\u0105ce w\u0142asno\u015bci\u0105 u\u017cytkownika w zwi\u0105zku z korzystaniem z Witryny lub pobieraniem jakichkolwiek tre\u015bci z Witryny lub z witryn, kt\u00f3re s\u0105 z ni\u0105 powi\u0105zane.<\/p>\n<p>Rayner nie ponosi odpowiedzialno\u015bci za tre\u015b\u0107 stron internetowych, do kt\u00f3rych \u0142\u0105cza znajduj\u0105 si\u0119 na Witrynie. Takie linki nie powinny by\u0107 interpretowane jako poparcie przez nas tych stron. Nie ponosimy odpowiedzialno\u015bci za jakiekolwiek straty lub szkody, kt\u00f3re mog\u0105 powsta\u0107 w wyniku korzystania z nich przez u\u017cytkownika.<\/p>\n<p>Jedynym \u015brodkiem zaradczym w przypadku niezadowolenia z Witryny jest zaprzestanie korzystania z niej.<\/p>\n<ol start=\"9\">\n<li><strong>W\u0142asno\u015b\u0107 i ograniczenia w korzystaniu z Witryny<\/strong><\/li>\n<\/ol>\n<p>Jeste\u015bmy w\u0142a\u015bcicielem lub licencjobiorc\u0105 wszystkich praw w\u0142asno\u015bci intelektualnej do Strony oraz materia\u0142\u00f3w na niej opublikowanych. Prace te s\u0105 chronione prawami autorskimi i umowami na ca\u0142ym \u015bwiecie. Wszelkie nasze prawa w tym zakresie s\u0105 wyra\u017anie zastrze\u017cone.<\/p>\n<p>&nbsp;<\/p>\n<p>U\u017cytkownik mo\u017ce wydrukowa\u0107 jedn\u0105 kopi\u0119 i pobra\u0107 fragmenty dowolnej strony (stron) z Witryny do u\u017cytku osobistego oraz mo\u017ce zwr\u00f3ci\u0107 uwag\u0119 innych os\u00f3b w swojej organizacji na tre\u015bci zamieszczone w Witrynie.<\/p>\n<p>Nie wolno modyfikowa\u0107 papierowych lub cyfrowych kopii materia\u0142\u00f3w, kt\u00f3re zosta\u0142y wydrukowane lub pobrane w jakikolwiek spos\u00f3b, a tak\u017ce nie wolno wykorzystywa\u0107 ilustracji Rayner, fotografii, sekwencji wideo lub audio ani \u017cadnych grafik oddzielnie od towarzysz\u0105cego im tekstu. Nie wolno przedrukowywa\u0107, publikowa\u0107, odsprzedawa\u0107 lub redystrybuowa\u0107 materia\u0142\u00f3w Rayner w jakiejkolwiek formie lub w jakikolwiek spos\u00f3b bez naszej wyra\u017anej pisemnej zgody.<\/p>\n<p>Nasz status (oraz status zidentyfikowanych wsp\u00f3\u0142pracownik\u00f3w) jako autor\u00f3w tre\u015bci zawartych w Witrynie musi by\u0107 zawsze potwierdzony. Wszelkie zastrze\u017cenia na Witrynie musz\u0105 by\u0107 odpowiednio reprodukowane.<\/p>\n<p>Nie wolno wykorzystywa\u0107 \u017cadnej cz\u0119\u015bci zawarto\u015bci Strony do cel\u00f3w komercyjnych bez uzyskania licencji od nas lub naszych licencjodawc\u00f3w.<\/p>\n<p>W przypadku wydrukowania, skopiowania lub pobrania jakiejkolwiek cz\u0119\u015bci Strony z naruszeniem niniejszych Warunk\u00f3w u\u017cytkowania, prawo do korzystania ze Strony wygasa natychmiast, a U\u017cytkownik jest zobowi\u0105zany, wed\u0142ug naszego uznania, do zwrotu lub zniszczenia wszelkich kopii materia\u0142\u00f3w, kt\u00f3re zosta\u0142y wykonane.<\/p>\n<ol start=\"10\">\n<li><strong>Niepoleganie na informacjach<\/strong><\/li>\n<\/ol>\n<p>Tre\u015bci zawarte na Stronie maj\u0105 charakter wy\u0142\u0105cznie og\u00f3lnoinformacyjny. Nie jest ona przeznaczona do udzielania porad, na kt\u00f3rych nale\u017cy polega\u0107. Przed podj\u0119ciem lub powstrzymaniem si\u0119 od podj\u0119cia jakichkolwiek dzia\u0142a\u0144 na podstawie tre\u015bci zawartych na Stronie nale\u017cy zasi\u0119gn\u0105\u0107 profesjonalnej lub specjalistycznej porady.<\/p>\n<p>Mimo \u017ce dok\u0142adamy uzasadnionych stara\u0144, aby aktualizowa\u0107 informacje zawarte na Stronie, nie sk\u0142adamy \u017cadnych o\u015bwiadcze\u0144, zapewnie\u0144 ani gwarancji, wyra\u017anych ani dorozumianych, \u017ce tre\u015bci zawarte na Stronie s\u0105 dok\u0142adne, kompletne lub aktualne, ani \u017ce s\u0105 zgodne z prawem obowi\u0105zuj\u0105cym w jurysdykcji, z kt\u00f3rej uzyskuj\u0105 Pa\u0144stwo dost\u0119p do Strony.<\/p>\n<ol start=\"11\">\n<li><strong>Znaki towarowe<\/strong><\/li>\n<\/ol>\n<p>Rayner, Rayner Surgical i Rayner Intraocular Lenses s\u0105 nazwami lub nazwami handlowymi firm nale\u017c\u0105cych do grupy firm Rayner.<\/p>\n<p>Rayner, Raytrace, Centerflex, Superflex, M-flex, Raysoft, AVH Technology, Rayacryl, T-flex, Sulcoflex, M-flex T, C-flex, Advance, i-cataract, Ophteis, Methylvisc oraz logo Rayner s\u0105 znakami towarowymi i\/lub znakami us\u0142ugowymi firmy Rayner.<\/p>\n<p>\u017baden z zapis\u00f3w niniejszych Warunk\u00f3w nie daje U\u017cytkownikowi prawa do u\u017cywania jakiegokolwiek znaku towarowego, znaku us\u0142ugowego, logo i\/lub nazwy handlowej firmy Rayner.<\/p>\n<ol start=\"12\">\n<li><strong>Wirusy<\/strong><\/li>\n<\/ol>\n<p>Nie gwarantujemy, \u017ce Strona b\u0119dzie bezpieczna lub wolna od b\u0142\u0119d\u00f3w lub wirus\u00f3w.<\/p>\n<p>U\u017cytkownik jest odpowiedzialny za konfiguracj\u0119 swojej technologii informatycznej, program\u00f3w komputerowych i platformy w celu uzyskania dost\u0119pu do Strony. U\u017cytkownik powinien u\u017cywa\u0107 w\u0142asnego oprogramowania antywirusowego.<\/p>\n<p>Nie wolno nadu\u017cywa\u0107 Strony poprzez \u015bwiadome wprowadzanie wirus\u00f3w, trojan\u00f3w, robak\u00f3w, bomb logicznych lub innych materia\u0142\u00f3w, kt\u00f3re s\u0105 z\u0142o\u015bliwe lub technologicznie szkodliwe. Nie wolno podejmowa\u0107 pr\u00f3b uzyskania nieuprawnionego dost\u0119pu do Strony, serwera, na kt\u00f3rym Strona jest przechowywana, ani \u017cadnego serwera, komputera lub bazy danych pod\u0142\u0105czonych do Strony. Nie wolno atakowa\u0107 Strony za pomoc\u0105 ataku typu denial-of-service lub rozproszonego ataku typu denial-of-service. Naruszaj\u0105c to postanowienie, u\u017cytkownik pope\u0142nia przest\u0119pstwo zgodnie z ustaw\u0105 Computer Misuse Act 1990. Ka\u017cde takie naruszenie zostanie zg\u0142oszone odpowiednim organom \u015bcigania, a my b\u0119dziemy wsp\u00f3\u0142pracowa\u0107 z tymi organami, ujawniaj\u0105c im to\u017csamo\u015b\u0107 u\u017cytkownika. W przypadku takiego naruszenia, prawo u\u017cytkownika do korzystania z Witryny zostanie natychmiast wstrzymane.<\/p>\n<ol start=\"13\">\n<li><strong>Zmiany na Stronie<\/strong><\/li>\n<\/ol>\n<p>Mo\u017cemy od czasu do czasu aktualizowa\u0107 Stron\u0119 i w dowolnym momencie zmienia\u0107 jej zawarto\u015b\u0107. Nale\u017cy jednak pami\u0119ta\u0107, \u017ce wszelkie tre\u015bci na Stronie mog\u0105 by\u0107 nieaktualne w danym momencie i nie jeste\u015bmy zobowi\u0105zani do ich aktualizacji.<\/p>\n<p>Nie gwarantujemy, \u017ce Strona lub jakakolwiek tre\u015b\u0107 na niej zawarta b\u0119dzie wolna od b\u0142\u0119d\u00f3w lub pomini\u0119\u0107.<\/p>\n<ol start=\"14\">\n<li><strong>Jurysdykcja<\/strong><\/li>\n<\/ol>\n<p>U\u017cytkownik decyduje si\u0119 na dost\u0119p do Strony na w\u0142asne ryzyko. U\u017cytkownik jest odpowiedzialny za przestrzeganie wszelkich lokalnych przepis\u00f3w prawa maj\u0105cych zastosowanie do niego.<\/p>\n<p>Niniejsze Warunki u\u017cytkowania oraz wszelkie stosunki umowne i inne, kt\u00f3re wynikaj\u0105 z Witryny, podlegaj\u0105 prawu Anglii. Poddajesz si\u0119 wy\u0142\u0105cznej jurysdykcji s\u0105d\u00f3w Anglii i Walii w przypadku jakichkolwiek spor\u00f3w wynikaj\u0105cych z lub w zwi\u0105zku z niniejszymi Warunkami i\/lub Stron\u0105.<\/p>\n<p>Kontakt z nami<\/p>\n<p>Aby si\u0119 z nami skontaktowa\u0107, prosimy o wys\u0142anie wiadomo\u015bci e-mail na adres: iol_enquiries@rayner.com<\/p>\n<p>Dzi\u0119kujemy za odwiedzenie naszej strony.<\/p>\n","protected":false},"excerpt":{"rendered":"<p>Warunki u\u017cytkowania strony www PROSIMY O DOK\u0141ADNE ZAPOZNANIE SI\u0118 Z NINIEJSZYMI WARUNKAMI PRZED ROZPOCZ\u0118CIEM KORZYSTANIA Z NINIEJSZEJ WITRYNY. Niniejsza witryna internetowa www.staging.rayner.com (&#8220;Witryna&#8221;) zosta\u0142a stworzona i jest obs\u0142ugiwana przez firm\u0119 Rayner Intraocular Lenses Limited (&#8220;Rayner&#8221;). Niniejsze Warunki u\u017cytkowania zawieraj\u0105 wa\u017cne informacje i okre\u015blaj\u0105 Pa\u0144stwa prawa i obowi\u0105zki jako u\u017cytkownik\u00f3w tej witryny. Cel i skutek Niniejsze<\/p>\n","protected":false},"author":6,"featured_media":0,"parent":0,"menu_order":0,"comment_status":"closed","ping_status":"closed","template":"","meta":{"_acf_changed":false,"inline_featured_image":false,"footnotes":""},"acf":[],"yoast_head":"<!-- This site is optimized with the Yoast SEO plugin v22.5 - https:\/\/yoast.com\/wordpress\/plugins\/seo\/ -->\n<title>Warunki korzystania - Rayner : Poland<\/title>\n<meta name=\"robots\" content=\"noindex, follow, max-snippet:-1, max-image-preview:large, max-video-preview:-1\" \/>\n<meta property=\"og:locale\" content=\"en_GB\" \/>\n<meta property=\"og:type\" content=\"article\" \/>\n<meta property=\"og:title\" content=\"Warunki korzystania - Rayner : Poland\" \/>\n<meta property=\"og:description\" content=\"Warunki u\u017cytkowania strony www PROSIMY O DOK\u0141ADNE ZAPOZNANIE SI\u0118 Z NINIEJSZYMI WARUNKAMI PRZED ROZPOCZ\u0118CIEM KORZYSTANIA Z NINIEJSZEJ WITRYNY. Niniejsza witryna internetowa www.staging.rayner.com (&#8220;Witryna&#8221;) zosta\u0142a stworzona i jest obs\u0142ugiwana przez firm\u0119 Rayner Intraocular Lenses Limited (&#8220;Rayner&#8221;). Niniejsze Warunki u\u017cytkowania zawieraj\u0105 wa\u017cne informacje i okre\u015blaj\u0105 Pa\u0144stwa prawa i obowi\u0105zki jako u\u017cytkownik\u00f3w tej witryny. Cel i skutek Niniejsze\" \/>\n<meta property=\"og:url\" content=\"https:\/\/rayner.com\/pl\/warunki-korzystania\/\" \/>\n<meta property=\"og:site_name\" content=\"Rayner : Poland\" \/>\n<meta property=\"article:modified_time\" content=\"2022-08-26T07:03:37+00:00\" \/>\n<meta name=\"twitter:card\" content=\"summary_large_image\" \/>\n<meta name=\"twitter:label1\" content=\"Estimated reading time\" \/>\n\t<meta name=\"twitter:data1\" content=\"8 minutes\" \/>\n<script type=\"application\/ld+json\" class=\"yoast-schema-graph\">{\"@context\":\"https:\/\/schema.org\",\"@graph\":[{\"@type\":\"WebPage\",\"@id\":\"https:\/\/rayner.com\/pl\/warunki-korzystania\/\",\"url\":\"https:\/\/rayner.com\/pl\/warunki-korzystania\/\",\"name\":\"Warunki korzystania - Rayner : Poland\",\"isPartOf\":{\"@id\":\"https:\/\/rayner.com\/pl\/#website\"},\"datePublished\":\"2022-02-16T18:18:07+00:00\",\"dateModified\":\"2022-08-26T07:03:37+00:00\",\"inLanguage\":\"en-GB\",\"potentialAction\":[{\"@type\":\"ReadAction\",\"target\":[\"https:\/\/rayner.com\/pl\/warunki-korzystania\/\"]}]},{\"@type\":\"WebSite\",\"@id\":\"https:\/\/rayner.com\/pl\/#website\",\"url\":\"https:\/\/rayner.com\/pl\/\",\"name\":\"Rayner : Poland\",\"description\":\"Just another WordPress site\",\"potentialAction\":[{\"@type\":\"SearchAction\",\"target\":{\"@type\":\"EntryPoint\",\"urlTemplate\":\"https:\/\/rayner.com\/pl\/?s={search_term_string}\"},\"query-input\":\"required name=search_term_string\"}],\"inLanguage\":\"en-GB\"}]}<\/script>\n<!-- \/ Yoast SEO plugin. -->","yoast_head_json":{"title":"Warunki korzystania - Rayner : Poland","robots":{"index":"noindex","follow":"follow","max-snippet":"max-snippet:-1","max-image-preview":"max-image-preview:large","max-video-preview":"max-video-preview:-1"},"og_locale":"en_GB","og_type":"article","og_title":"Warunki korzystania - Rayner : Poland","og_description":"Warunki u\u017cytkowania strony www PROSIMY O DOK\u0141ADNE ZAPOZNANIE SI\u0118 Z NINIEJSZYMI WARUNKAMI PRZED ROZPOCZ\u0118CIEM KORZYSTANIA Z NINIEJSZEJ WITRYNY. Niniejsza witryna internetowa www.staging.rayner.com (&#8220;Witryna&#8221;) zosta\u0142a stworzona i jest obs\u0142ugiwana przez firm\u0119 Rayner Intraocular Lenses Limited (&#8220;Rayner&#8221;). Niniejsze Warunki u\u017cytkowania zawieraj\u0105 wa\u017cne informacje i okre\u015blaj\u0105 Pa\u0144stwa prawa i obowi\u0105zki jako u\u017cytkownik\u00f3w tej witryny. Cel i skutek Niniejsze","og_url":"https:\/\/rayner.com\/pl\/warunki-korzystania\/","og_site_name":"Rayner : Poland","article_modified_time":"2022-08-26T07:03:37+00:00","twitter_card":"summary_large_image","twitter_misc":{"Estimated reading time":"8 minutes"},"schema":{"@context":"https:\/\/schema.org","@graph":[{"@type":"WebPage","@id":"https:\/\/rayner.com\/pl\/warunki-korzystania\/","url":"https:\/\/rayner.com\/pl\/warunki-korzystania\/","name":"Warunki korzystania - Rayner : Poland","isPartOf":{"@id":"https:\/\/rayner.com\/pl\/#website"},"datePublished":"2022-02-16T18:18:07+00:00","dateModified":"2022-08-26T07:03:37+00:00","inLanguage":"en-GB","potentialAction":[{"@type":"ReadAction","target":["https:\/\/rayner.com\/pl\/warunki-korzystania\/"]}]},{"@type":"WebSite","@id":"https:\/\/rayner.com\/pl\/#website","url":"https:\/\/rayner.com\/pl\/","name":"Rayner : Poland","description":"Just another WordPress site","potentialAction":[{"@type":"SearchAction","target":{"@type":"EntryPoint","urlTemplate":"https:\/\/rayner.com\/pl\/?s={search_term_string}"},"query-input":"required name=search_term_string"}],"inLanguage":"en-GB"}]}},"_links":{"self":[{"href":"https:\/\/rayner.com\/pl\/wp-json\/wp\/v2\/pages\/466"}],"collection":[{"href":"https:\/\/rayner.com\/pl\/wp-json\/wp\/v2\/pages"}],"about":[{"href":"https:\/\/rayner.com\/pl\/wp-json\/wp\/v2\/types\/page"}],"author":[{"embeddable":true,"href":"https:\/\/rayner.com\/pl\/wp-json\/wp\/v2\/users\/6"}],"replies":[{"embeddable":true,"href":"https:\/\/rayner.com\/pl\/wp-json\/wp\/v2\/comments?post=466"}],"version-history":[{"count":3,"href":"https:\/\/rayner.com\/pl\/wp-json\/wp\/v2\/pages\/466\/revisions"}],"predecessor-version":[{"id":494,"href":"https:\/\/rayner.com\/pl\/wp-json\/wp\/v2\/pages\/466\/revisions\/494"}],"wp:attachment":[{"href":"https:\/\/rayner.com\/pl\/wp-json\/wp\/v2\/media?parent=466"}],"curies":[{"name":"wp","href":"https:\/\/api.w.org\/{rel}","templated":true}]}}