{"id":474,"date":"2022-02-16T18:27:38","date_gmt":"2022-02-16T18:27:38","guid":{"rendered":"https:\/\/rayner.com\/pl\/?page_id=474"},"modified":"2022-02-17T10:54:02","modified_gmt":"2022-02-17T10:54:02","slug":"korzystanie-z-plikow-cookie","status":"publish","type":"page","link":"https:\/\/rayner.com\/pl\/korzystanie-z-plikow-cookie\/","title":{"rendered":"Korzystanie z plik\u00f3w cookie"},"content":{"rendered":"<h2>Korzystanie z plik\u00f3w cookie<\/h2>\n<p>Cookie to ma\u0142y plik liter i cyfr, kt\u00f3ry jest zapisywany na komputerze u\u017cytkownika przez odwiedzane przez niego strony internetowe. Cookies zawieraj\u0105 informacje, kt\u00f3re s\u0105 przenoszone na dysk twardy Pa\u0144stwa komputera.<\/p>\n<p>Nasza witryna internetowa (&#8220;Witryna&#8221;) wykorzystuje pliki cookie, aby odr\u00f3\u017cni\u0107 Pa\u0144stwa od innych u\u017cytkownik\u00f3w Witryny. Pomaga nam to w zapewnieniu Pa\u0144stwu dobrych do\u015bwiadcze\u0144 podczas przegl\u0105dania Strony, a tak\u017ce umo\u017cliwia nam ulepszanie naszej strony.\u00a0 Kontynuuj\u0105c przegl\u0105danie Strony, wyra\u017casz zgod\u0119 na wykorzystanie przez nas plik\u00f3w cookie. Mo\u017cesz zmieni\u0107 swoje preferencje dotycz\u0105ce plik\u00f3w cookie w dowolnym momencie, klikaj\u0105c przycisk &#8220;Polityka prywatno\u015bci i plik\u00f3w cookie&#8221; u do\u0142u przegl\u0105darki internetowej, a nast\u0119pnie wybieraj\u0105c &#8220;Ustawienia plik\u00f3w cookie&#8221;. Nast\u0119pnie mo\u017cna ustawi\u0107 dost\u0119pne suwaki na &#8220;W\u0142\u0105czone&#8221; lub &#8220;Wy\u0142\u0105czone&#8221;, a nast\u0119pnie klikn\u0105\u0107 &#8220;Zapisz i zaakceptuj&#8221;. Aby ustawienia zacz\u0119\u0142y obowi\u0105zywa\u0107, konieczne mo\u017ce by\u0107 od\u015bwie\u017cenie strony.<\/p>\n<p>U\u017cywamy nast\u0119puj\u0105cych plik\u00f3w cookie:<\/p>\n<p>Niezb\u0119dne pliki cookie. Niezb\u0119dne pliki cookie s\u0105 absolutnie niezb\u0119dne do prawid\u0142owego funkcjonowania strony internetowej. Te pliki cookie zapewniaj\u0105 podstawowe funkcje i zabezpieczenia strony internetowej, w spos\u00f3b anonimowy.<\/p>\n<p>Funkcjonalne pliki cookie. Funkcjonalne pliki cookie pomagaj\u0105 w wykonywaniu pewnych funkcji, takich jak udost\u0119pnianie zawarto\u015bci strony internetowej na platformach medi\u00f3w spo\u0142eczno\u015bciowych, zbieranie opinii i innych funkcji stron trzecich.<\/p>\n<p>Pliki cookie dotycz\u0105ce kierowania. Reklamowe pliki cookie s\u0105 wykorzystywane do dostarczania odwiedzaj\u0105cym odpowiednich reklam i kampanii marketingowych. Te pliki cookie \u015bledz\u0105 odwiedzaj\u0105cych na r\u00f3\u017cnych stronach internetowych i zbieraj\u0105 informacje w celu zapewnienia dostosowanych reklam.<\/p>\n<p>Pliki cookie dotycz\u0105ce analizy. Pliki cookie s\u0142u\u017c\u0105ce do analizy s\u0105 wykorzystywane do zrozumienia sposobu, w jaki odwiedzaj\u0105cy wchodz\u0105 w interakcje z witryn\u0105. Te pliki cookie pomagaj\u0105 dostarczy\u0107 informacji na temat liczby odwiedzaj\u0105cych, wsp\u00f3\u0142czynnika odrzuce\u0144, \u017ar\u00f3d\u0142a ruchu itp.<\/p>\n<p>Nale\u017cy pami\u0119ta\u0107, \u017ce strony trzecie (w tym, na przyk\u0142ad, sieci reklamowe i dostawcy us\u0142ug zewn\u0119trznych, takich jak us\u0142ugi analizy ruchu w sieci) mog\u0105 r\u00f3wnie\u017c u\u017cywa\u0107 plik\u00f3w cookie, nad kt\u00f3rymi nie mamy kontroli. Te pliki cookie mog\u0105 by\u0107 plikami analitycznymi\/wydajno\u015bciowymi lub plikami docelowymi.<\/p>\n<p>U\u017cytkownik blokuje pliki cookie, aktywuj\u0105c w swojej przegl\u0105darce ustawienia pozwalaj\u0105ce na odrzucenie wszystkich lub niekt\u00f3rych plik\u00f3w cookie. Je\u015bli jednak w ustawieniach przegl\u0105darki zablokujesz wszystkie pliki cookie (w tym niezb\u0119dne pliki cookie), mo\u017cesz nie by\u0107 w stanie uzyska\u0107 dost\u0119pu do wszystkich lub cz\u0119\u015bci Strony.<\/p>\n","protected":false},"excerpt":{"rendered":"<p>Korzystanie z plik\u00f3w cookie Cookie to ma\u0142y plik liter i cyfr, kt\u00f3ry jest zapisywany na komputerze u\u017cytkownika przez odwiedzane przez niego strony internetowe. Cookies zawieraj\u0105 informacje, kt\u00f3re s\u0105 przenoszone na dysk twardy Pa\u0144stwa komputera. Nasza witryna internetowa (&#8220;Witryna&#8221;) wykorzystuje pliki cookie, aby odr\u00f3\u017cni\u0107 Pa\u0144stwa od innych u\u017cytkownik\u00f3w Witryny. Pomaga nam to w zapewnieniu Pa\u0144stwu dobrych<\/p>\n","protected":false},"author":6,"featured_media":0,"parent":0,"menu_order":0,"comment_status":"closed","ping_status":"closed","template":"","meta":{"_acf_changed":false,"inline_featured_image":false,"footnotes":""},"acf":[],"yoast_head":"<!-- This site is optimized with the Yoast SEO plugin v22.5 - https:\/\/yoast.com\/wordpress\/plugins\/seo\/ -->\n<title>Korzystanie z plik\u00f3w cookie - Rayner : Poland<\/title>\n<meta name=\"robots\" content=\"noindex, follow, max-snippet:-1, max-image-preview:large, max-video-preview:-1\" \/>\n<meta property=\"og:locale\" content=\"en_GB\" \/>\n<meta property=\"og:type\" content=\"article\" \/>\n<meta property=\"og:title\" content=\"Korzystanie z plik\u00f3w cookie - Rayner : Poland\" \/>\n<meta property=\"og:description\" content=\"Korzystanie z plik\u00f3w cookie Cookie to ma\u0142y plik liter i cyfr, kt\u00f3ry jest zapisywany na komputerze u\u017cytkownika przez odwiedzane przez niego strony internetowe. Cookies zawieraj\u0105 informacje, kt\u00f3re s\u0105 przenoszone na dysk twardy Pa\u0144stwa komputera. Nasza witryna internetowa (&#8220;Witryna&#8221;) wykorzystuje pliki cookie, aby odr\u00f3\u017cni\u0107 Pa\u0144stwa od innych u\u017cytkownik\u00f3w Witryny. Pomaga nam to w zapewnieniu Pa\u0144stwu dobrych\" \/>\n<meta property=\"og:url\" content=\"https:\/\/rayner.com\/pl\/korzystanie-z-plikow-cookie\/\" \/>\n<meta property=\"og:site_name\" content=\"Rayner : Poland\" \/>\n<meta property=\"article:modified_time\" content=\"2022-02-17T10:54:02+00:00\" \/>\n<meta name=\"twitter:card\" content=\"summary_large_image\" \/>\n<meta name=\"twitter:label1\" content=\"Estimated reading time\" \/>\n\t<meta name=\"twitter:data1\" content=\"2 minutes\" \/>\n<script type=\"application\/ld+json\" class=\"yoast-schema-graph\">{\"@context\":\"https:\/\/schema.org\",\"@graph\":[{\"@type\":\"WebPage\",\"@id\":\"https:\/\/rayner.com\/pl\/korzystanie-z-plikow-cookie\/\",\"url\":\"https:\/\/rayner.com\/pl\/korzystanie-z-plikow-cookie\/\",\"name\":\"Korzystanie z plik\u00f3w cookie - Rayner : Poland\",\"isPartOf\":{\"@id\":\"https:\/\/rayner.com\/pl\/#website\"},\"datePublished\":\"2022-02-16T18:27:38+00:00\",\"dateModified\":\"2022-02-17T10:54:02+00:00\",\"inLanguage\":\"en-GB\",\"potentialAction\":[{\"@type\":\"ReadAction\",\"target\":[\"https:\/\/rayner.com\/pl\/korzystanie-z-plikow-cookie\/\"]}]},{\"@type\":\"WebSite\",\"@id\":\"https:\/\/rayner.com\/pl\/#website\",\"url\":\"https:\/\/rayner.com\/pl\/\",\"name\":\"Rayner : Poland\",\"description\":\"Just another WordPress site\",\"potentialAction\":[{\"@type\":\"SearchAction\",\"target\":{\"@type\":\"EntryPoint\",\"urlTemplate\":\"https:\/\/rayner.com\/pl\/?s={search_term_string}\"},\"query-input\":\"required name=search_term_string\"}],\"inLanguage\":\"en-GB\"}]}<\/script>\n<!-- \/ Yoast SEO plugin. -->","yoast_head_json":{"title":"Korzystanie z plik\u00f3w cookie - Rayner : Poland","robots":{"index":"noindex","follow":"follow","max-snippet":"max-snippet:-1","max-image-preview":"max-image-preview:large","max-video-preview":"max-video-preview:-1"},"og_locale":"en_GB","og_type":"article","og_title":"Korzystanie z plik\u00f3w cookie - Rayner : Poland","og_description":"Korzystanie z plik\u00f3w cookie Cookie to ma\u0142y plik liter i cyfr, kt\u00f3ry jest zapisywany na komputerze u\u017cytkownika przez odwiedzane przez niego strony internetowe. Cookies zawieraj\u0105 informacje, kt\u00f3re s\u0105 przenoszone na dysk twardy Pa\u0144stwa komputera. Nasza witryna internetowa (&#8220;Witryna&#8221;) wykorzystuje pliki cookie, aby odr\u00f3\u017cni\u0107 Pa\u0144stwa od innych u\u017cytkownik\u00f3w Witryny. Pomaga nam to w zapewnieniu Pa\u0144stwu dobrych","og_url":"https:\/\/rayner.com\/pl\/korzystanie-z-plikow-cookie\/","og_site_name":"Rayner : Poland","article_modified_time":"2022-02-17T10:54:02+00:00","twitter_card":"summary_large_image","twitter_misc":{"Estimated reading time":"2 minutes"},"schema":{"@context":"https:\/\/schema.org","@graph":[{"@type":"WebPage","@id":"https:\/\/rayner.com\/pl\/korzystanie-z-plikow-cookie\/","url":"https:\/\/rayner.com\/pl\/korzystanie-z-plikow-cookie\/","name":"Korzystanie z plik\u00f3w cookie - Rayner : Poland","isPartOf":{"@id":"https:\/\/rayner.com\/pl\/#website"},"datePublished":"2022-02-16T18:27:38+00:00","dateModified":"2022-02-17T10:54:02+00:00","inLanguage":"en-GB","potentialAction":[{"@type":"ReadAction","target":["https:\/\/rayner.com\/pl\/korzystanie-z-plikow-cookie\/"]}]},{"@type":"WebSite","@id":"https:\/\/rayner.com\/pl\/#website","url":"https:\/\/rayner.com\/pl\/","name":"Rayner : Poland","description":"Just another WordPress site","potentialAction":[{"@type":"SearchAction","target":{"@type":"EntryPoint","urlTemplate":"https:\/\/rayner.com\/pl\/?s={search_term_string}"},"query-input":"required name=search_term_string"}],"inLanguage":"en-GB"}]}},"_links":{"self":[{"href":"https:\/\/rayner.com\/pl\/wp-json\/wp\/v2\/pages\/474"}],"collection":[{"href":"https:\/\/rayner.com\/pl\/wp-json\/wp\/v2\/pages"}],"about":[{"href":"https:\/\/rayner.com\/pl\/wp-json\/wp\/v2\/types\/page"}],"author":[{"embeddable":true,"href":"https:\/\/rayner.com\/pl\/wp-json\/wp\/v2\/users\/6"}],"replies":[{"embeddable":true,"href":"https:\/\/rayner.com\/pl\/wp-json\/wp\/v2\/comments?post=474"}],"version-history":[{"count":2,"href":"https:\/\/rayner.com\/pl\/wp-json\/wp\/v2\/pages\/474\/revisions"}],"predecessor-version":[{"id":476,"href":"https:\/\/rayner.com\/pl\/wp-json\/wp\/v2\/pages\/474\/revisions\/476"}],"wp:attachment":[{"href":"https:\/\/rayner.com\/pl\/wp-json\/wp\/v2\/media?parent=474"}],"curies":[{"name":"wp","href":"https:\/\/api.w.org\/{rel}","templated":true}]}}