{"id":479,"date":"2022-02-24T10:42:37","date_gmt":"2022-02-24T10:42:37","guid":{"rendered":"https:\/\/rayner.com\/pl\/?page_id=479"},"modified":"2022-07-05T16:26:57","modified_gmt":"2022-07-05T16:26:57","slug":"klauzula-informacyjna-otrzymywanie-informacji-handlowych","status":"publish","type":"page","link":"https:\/\/rayner.com\/pl\/klauzula-informacyjna-otrzymywanie-informacji-handlowych\/","title":{"rendered":"Klauzula informacyjna \u2013 otrzymywanie informacji handlowych"},"content":{"rendered":"<h2>Klauzula informacyjna \u2013 otrzymywanie informacji handlowych<\/h2>\n<ol>\n<li>Administratorem Pani \/ Pana danych osobowych jest Rayner Intraocular Lenses Limited, Dominion Way 10, Worthing, West Sussex BN14 8AQ United Kingdom<\/li>\n<li>Przestrzeganie zasad ochrony danych w Rayner Intraocular Lenses Limited nadzoruje Dyrektor ds. prawnych, z kt\u00f3rym mo\u017cna skontaktowa\u0107 si\u0119 poprzez:<\/li>\n<li>Dane osobowe przetwarzane b\u0119d\u0105 w nast\u0119puj\u0105cym celu i w oparciu o nast\u0119puj\u0105c\u0105 podstaw\u0119 prawn\u0105:<\/li>\n<\/ol>\n<table style=\"width: 71.463%;\">\n<tbody>\n<tr>\n<td style=\"width: 42.1329%;\" width=\"238\"><strong>Cel przetwarzania danych<\/strong><\/td>\n<td style=\"width: 135.457%;\" width=\"321\"><strong>Podstawa prawna<\/strong><\/td>\n<\/tr>\n<tr>\n<td style=\"width: 42.1329%;\" rowspan=\"2\" width=\"238\">Marketing bezpo\u015bredni (wys\u0142anie informacji handlowych)<\/td>\n<td style=\"width: 135.457%;\" width=\"321\"><strong>Przetwarzania danych: <\/strong><\/p>\n<p>art. 6 ust. 1 lit f) Og\u00f3lnego rozporz\u0105dzenia o ochronie danych (prawnie uzasadniony interes \u2013 promowanie produkt\u00f3w i us\u0142ug Administratora)<\/td>\n<\/tr>\n<tr>\n<td style=\"width: 135.457%;\" width=\"321\"><strong>Wysy\u0142ania komunikacji elektronicznej:<\/strong><\/p>\n<p>Zgoda na wysy\u0142anie informacji handlowych drog\u0105 elektroniczn\u0105 oraz wykorzystywanie w tym celu telekomunikacyjnych urz\u0105dze\u0144 ko\u0144cowych.<\/td>\n<\/tr>\n<\/tbody>\n<\/table>\n<p>&nbsp;<\/p>\n<p>4. Odbiorcami Pani \/ Pana danych osobowych b\u0119d\u0105 podmioty zarz\u0105dzaj\u0105ce stron\u0105 internetow\u0105 Administratora, baz\u0105 danych marketingowych, a tak\u017ce podmioty upowa\u017cnione do odbioru danych na podstawie przepis\u00f3w prawa.<\/p>\n<p>5. Pani \/ Pana dane osobowe mog\u0105 by\u0107 przekazywane do pa\u0144stwa trzeciego na podstawie:<\/p>\n<p>5.1 decyzji Komisji Europejskiej stwierdzaj\u0105cej odpowiedni stopie\u0144 ochrony wydanej na podstawie rozporz\u0105dzenia Parlamentu Europejskiego i Rady (UE) 2016\/679;<\/p>\n<p>5.2 wi\u0105\u017c\u0105cych regu\u0142 korporacyjnych zatwierdzonych przez organ nadzorczy, maj\u0105cych zastosowanie do ka\u017cdego z cz\u0142onk\u00f3w grupy przedsi\u0119biorstw lub grupy przedsi\u0119biorc\u00f3w prowadz\u0105cych wsp\u00f3ln\u0105 dzia\u0142alno\u015b\u0107 gospodarcz\u0105,<\/p>\n<p>5.3 standardowych klauzul ochrony danych przyj\u0119tych lub zatwierdzonych przez Komisj\u0119 Europejsk\u0105,<\/p>\n<p>6. Pani \/ Pana dane osobowe b\u0119d\u0105 przechowywane do momentu wniesienia sprzeciwu wobec przetwarzania Pani \/ Pana danych osobowych na potrzeby marketingu bezpo\u015bredniego, a po tym okresie przez czas, w kt\u00f3rym przepisy prawa nakazuj\u0105 przechowanie danych lub przez okres przedawnienia ewentualnych roszcze\u0144.<\/p>\n<p>7. W zwi\u0105zku z przetwarzaniem danych osobowych, przys\u0142uguj\u0105 Pani \/ Panu nast\u0119puj\u0105ce prawa:<\/p>\n<p>7.1 prawo dost\u0119pu do tre\u015bci danych, prawo do sprostowania danych, prawo do usuni\u0119cia danych, prawo do ograniczenia przetwarzania danych,<\/p>\n<p>7.2 prawo do wniesienia sprzeciwu wobec przetwarzania Pani\/Pana danych osobowych na potrzeby marketingu bezpo\u015bredniego,<\/p>\n<p>7.3 prawo do wniesienia skargi do organu nadzorczego (Prezesa Urz\u0119du Ochrony Danych Osobowych) w przypadku uznania, \u017ce przetwarzanie danych osobowych narusza przepisy Og\u00f3lnego rozporz\u0105dzenia o ochronie danych.<\/p>\n<p>8. Podanie przez Pani\u0105 \/ Pana danych osobowych jest dobrowolne, lecz niezb\u0119dne do realizacji celu, o kt\u00f3rym mowa w pkt 3.<\/p>\n<p>9. Przetwarzanie danych osobowych nie b\u0119dzie wi\u0105za\u0142o si\u0119 z podejmowaniem decyzji, opartych wy\u0142\u0105cznie na zautomatyzowanym przetwarzaniu, w tym profilowaniu.<\/p>\n<p>&nbsp;<\/p>\n<p>&nbsp;<\/p>\n<p>&nbsp;<\/p>\n","protected":false},"excerpt":{"rendered":"<p>Klauzula informacyjna \u2013 otrzymywanie informacji handlowych Administratorem Pani \/ Pana danych osobowych jest Rayner Intraocular Lenses Limited, Dominion Way 10, Worthing, West Sussex BN14 8AQ United Kingdom Przestrzeganie zasad ochrony danych w Rayner Intraocular Lenses Limited nadzoruje Dyrektor ds. prawnych, z kt\u00f3rym mo\u017cna skontaktowa\u0107 si\u0119 poprzez: Dane osobowe przetwarzane b\u0119d\u0105 w nast\u0119puj\u0105cym celu i w<\/p>\n","protected":false},"author":6,"featured_media":0,"parent":0,"menu_order":0,"comment_status":"closed","ping_status":"closed","template":"","meta":{"_acf_changed":false,"inline_featured_image":false,"footnotes":""},"acf":[],"yoast_head":"<!-- This site is optimized with the Yoast SEO plugin v22.5 - https:\/\/yoast.com\/wordpress\/plugins\/seo\/ -->\n<title>Klauzula informacyjna \u2013 otrzymywanie informacji handlowych - Rayner : Poland<\/title>\n<meta name=\"robots\" content=\"noindex, follow, max-snippet:-1, max-image-preview:large, max-video-preview:-1\" \/>\n<meta property=\"og:locale\" content=\"en_GB\" \/>\n<meta property=\"og:type\" content=\"article\" \/>\n<meta property=\"og:title\" content=\"Klauzula informacyjna \u2013 otrzymywanie informacji handlowych - Rayner : Poland\" \/>\n<meta property=\"og:description\" content=\"Klauzula informacyjna \u2013 otrzymywanie informacji handlowych Administratorem Pani \/ Pana danych osobowych jest Rayner Intraocular Lenses Limited, Dominion Way 10, Worthing, West Sussex BN14 8AQ United Kingdom Przestrzeganie zasad ochrony danych w Rayner Intraocular Lenses Limited nadzoruje Dyrektor ds. prawnych, z kt\u00f3rym mo\u017cna skontaktowa\u0107 si\u0119 poprzez: Dane osobowe przetwarzane b\u0119d\u0105 w nast\u0119puj\u0105cym celu i w\" \/>\n<meta property=\"og:url\" content=\"https:\/\/rayner.com\/pl\/klauzula-informacyjna-otrzymywanie-informacji-handlowych\/\" \/>\n<meta property=\"og:site_name\" content=\"Rayner : Poland\" \/>\n<meta property=\"article:modified_time\" content=\"2022-07-05T16:26:57+00:00\" \/>\n<meta name=\"twitter:card\" content=\"summary_large_image\" \/>\n<meta name=\"twitter:label1\" content=\"Estimated reading time\" \/>\n\t<meta name=\"twitter:data1\" content=\"2 minutes\" \/>\n<script type=\"application\/ld+json\" class=\"yoast-schema-graph\">{\"@context\":\"https:\/\/schema.org\",\"@graph\":[{\"@type\":\"WebPage\",\"@id\":\"https:\/\/rayner.com\/pl\/klauzula-informacyjna-otrzymywanie-informacji-handlowych\/\",\"url\":\"https:\/\/rayner.com\/pl\/klauzula-informacyjna-otrzymywanie-informacji-handlowych\/\",\"name\":\"Klauzula informacyjna \u2013 otrzymywanie informacji handlowych - Rayner : Poland\",\"isPartOf\":{\"@id\":\"https:\/\/rayner.com\/pl\/#website\"},\"datePublished\":\"2022-02-24T10:42:37+00:00\",\"dateModified\":\"2022-07-05T16:26:57+00:00\",\"inLanguage\":\"en-GB\",\"potentialAction\":[{\"@type\":\"ReadAction\",\"target\":[\"https:\/\/rayner.com\/pl\/klauzula-informacyjna-otrzymywanie-informacji-handlowych\/\"]}]},{\"@type\":\"WebSite\",\"@id\":\"https:\/\/rayner.com\/pl\/#website\",\"url\":\"https:\/\/rayner.com\/pl\/\",\"name\":\"Rayner : Poland\",\"description\":\"Just another WordPress site\",\"potentialAction\":[{\"@type\":\"SearchAction\",\"target\":{\"@type\":\"EntryPoint\",\"urlTemplate\":\"https:\/\/rayner.com\/pl\/?s={search_term_string}\"},\"query-input\":\"required name=search_term_string\"}],\"inLanguage\":\"en-GB\"}]}<\/script>\n<!-- \/ Yoast SEO plugin. -->","yoast_head_json":{"title":"Klauzula informacyjna \u2013 otrzymywanie informacji handlowych - Rayner : Poland","robots":{"index":"noindex","follow":"follow","max-snippet":"max-snippet:-1","max-image-preview":"max-image-preview:large","max-video-preview":"max-video-preview:-1"},"og_locale":"en_GB","og_type":"article","og_title":"Klauzula informacyjna \u2013 otrzymywanie informacji handlowych - Rayner : Poland","og_description":"Klauzula informacyjna \u2013 otrzymywanie informacji handlowych Administratorem Pani \/ Pana danych osobowych jest Rayner Intraocular Lenses Limited, Dominion Way 10, Worthing, West Sussex BN14 8AQ United Kingdom Przestrzeganie zasad ochrony danych w Rayner Intraocular Lenses Limited nadzoruje Dyrektor ds. prawnych, z kt\u00f3rym mo\u017cna skontaktowa\u0107 si\u0119 poprzez: Dane osobowe przetwarzane b\u0119d\u0105 w nast\u0119puj\u0105cym celu i w","og_url":"https:\/\/rayner.com\/pl\/klauzula-informacyjna-otrzymywanie-informacji-handlowych\/","og_site_name":"Rayner : Poland","article_modified_time":"2022-07-05T16:26:57+00:00","twitter_card":"summary_large_image","twitter_misc":{"Estimated reading time":"2 minutes"},"schema":{"@context":"https:\/\/schema.org","@graph":[{"@type":"WebPage","@id":"https:\/\/rayner.com\/pl\/klauzula-informacyjna-otrzymywanie-informacji-handlowych\/","url":"https:\/\/rayner.com\/pl\/klauzula-informacyjna-otrzymywanie-informacji-handlowych\/","name":"Klauzula informacyjna \u2013 otrzymywanie informacji handlowych - Rayner : Poland","isPartOf":{"@id":"https:\/\/rayner.com\/pl\/#website"},"datePublished":"2022-02-24T10:42:37+00:00","dateModified":"2022-07-05T16:26:57+00:00","inLanguage":"en-GB","potentialAction":[{"@type":"ReadAction","target":["https:\/\/rayner.com\/pl\/klauzula-informacyjna-otrzymywanie-informacji-handlowych\/"]}]},{"@type":"WebSite","@id":"https:\/\/rayner.com\/pl\/#website","url":"https:\/\/rayner.com\/pl\/","name":"Rayner : Poland","description":"Just another WordPress site","potentialAction":[{"@type":"SearchAction","target":{"@type":"EntryPoint","urlTemplate":"https:\/\/rayner.com\/pl\/?s={search_term_string}"},"query-input":"required name=search_term_string"}],"inLanguage":"en-GB"}]}},"_links":{"self":[{"href":"https:\/\/rayner.com\/pl\/wp-json\/wp\/v2\/pages\/479"}],"collection":[{"href":"https:\/\/rayner.com\/pl\/wp-json\/wp\/v2\/pages"}],"about":[{"href":"https:\/\/rayner.com\/pl\/wp-json\/wp\/v2\/types\/page"}],"author":[{"embeddable":true,"href":"https:\/\/rayner.com\/pl\/wp-json\/wp\/v2\/users\/6"}],"replies":[{"embeddable":true,"href":"https:\/\/rayner.com\/pl\/wp-json\/wp\/v2\/comments?post=479"}],"version-history":[{"count":3,"href":"https:\/\/rayner.com\/pl\/wp-json\/wp\/v2\/pages\/479\/revisions"}],"predecessor-version":[{"id":490,"href":"https:\/\/rayner.com\/pl\/wp-json\/wp\/v2\/pages\/479\/revisions\/490"}],"wp:attachment":[{"href":"https:\/\/rayner.com\/pl\/wp-json\/wp\/v2\/media?parent=479"}],"curies":[{"name":"wp","href":"https:\/\/api.w.org\/{rel}","templated":true}]}}