{"id":481,"date":"2022-02-24T10:48:00","date_gmt":"2022-02-24T10:48:00","guid":{"rendered":"https:\/\/rayner.com\/pl\/?page_id=481"},"modified":"2022-07-14T14:18:01","modified_gmt":"2022-07-14T14:18:01","slug":"klauzula-informacyjna","status":"publish","type":"page","link":"https:\/\/rayner.com\/pl\/klauzula-informacyjna\/","title":{"rendered":"Klauzula informacyjna"},"content":{"rendered":"<h2>Klauzula informacyjna<\/h2>\n<ol>\n<li>Administratorem danych osobowych podanych w formularzu kontaktowym jest Rayner Sp. z o.o.<\/li>\n<li>Przestrzeganie zasad ochrony danych w<\/li>\n<li>Rayner PL\u2013 Rayner sp. z o. o. Centrum Praskie Koneser Plac Konesera 12, budynek M 03-736 Warszawa, nadzoruje wyznaczony Oficer Bezpiecze\u0144stwa Danych Osobowych, z kt\u00f3rym mo\u017cna skontaktowa\u0107 si\u0119 poprzez adres e-mail: biuro@rayner.com<\/li>\n<li>Pani \/ Pana dane osobowe przetwarzane b\u0119d\u0105 na podstawie art. 6 ust. 1 lit. f) Og\u00f3lnego rozporz\u0105dzenia o ochronie danych (prawnie uzasadniony interes \u2013 udzielenie odpowiedzi na wiadomo\u015b\u0107), w celu udzielenia odpowiedzi na wiadomo\u015b\u0107 przes\u0142an\u0105 za pomoc\u0105 formularza kontaktowego \u2013 wy\u015blij zapytanie.<\/li>\n<li>Odbiorcami Pani \/ Pana danych osobowych b\u0119d\u0105 podmioty zarz\u0105dzaj\u0105ce stron\u0105 internetow\u0105, \u015bwiadcz\u0105ce us\u0142ugi wsparcia IT a tak\u017ce podmioty upowa\u017cnione do odbioru danych na podstawie przepis\u00f3w prawa.<\/li>\n<li>Pani \/ Pana dane osobowe mog\u0105 by\u0107 przekazywane do pa\u0144stwa trzeciego na podstawie:\n<ul>\n<li>5.1 decyzji Komisji Europejskiej stwierdzaj\u0105cej odpowiedni stopie\u0144 ochrony wydanej na podstawie rozporz\u0105dzenia Parlamentu Europejskiego i Rady (UE) 2016\/679;<\/li>\n<li>5.2 wi\u0105\u017c\u0105cych regu\u0142 korporacyjnych zatwierdzonych przez organ nadzorczy, maj\u0105cych zastosowanie do ka\u017cdego z cz\u0142onk\u00f3w grupy przedsi\u0119biorstw lub grupy przedsi\u0119biorc\u00f3w prowadz\u0105cych wsp\u00f3ln\u0105 dzia\u0142alno\u015b\u0107 gospodarcz\u0105,<\/li>\n<li>5.3 standardowych klauzul ochrony danych przyj\u0119tych lub zatwierdzonych przez Komisj\u0119 Europejsk\u0105,<\/li>\n<\/ul>\n<\/li>\n<li>Pani \/ Pana dane osobowe b\u0119d\u0105 przechowywane przez okres niezb\u0119dny do udzielenia odpowiedzi na przes\u0142an\u0105 wiadomo\u015b\u0107, a po tym okresie przez czas, w kt\u00f3rym przepisy prawa nakazuj\u0105 przechowanie danych lub przez okres przedawnienia ewentualnych roszcze\u0144.<\/li>\n<li>W zwi\u0105zku z przetwarzaniem danych osobowych, przys\u0142uguj\u0105 Pani \/ Panu nast\u0119puj\u0105ce prawa:<\/li>\n<\/ol>\n<p>a. prawo dost\u0119pu do tre\u015bci danych, prawo do sprostowania danych, prawo do usuni\u0119cia danych, prawo do ograniczenia przetwarzania danych, prawo do wniesienia sprzeciwu,<\/p>\n<p>b. prawo do wniesienia skargi do organu nadzorczego (Prezesa Urz\u0119du Ochrony Danych Osobowych) w przypadku uznania, \u017ce przetwarzanie danych osobowych narusza przepisy Og\u00f3lnego rozporz\u0105dzenia o ochronie danych.<\/p>\n<p>8. Podanie danych oznaczonych gwiazdk\u0105 jest niezb\u0119dne do przes\u0142ania wiadomo\u015bci za pomoc\u0105 formularza kontaktowego. Konsekwencj\u0105 niepodania danych jest brak mo\u017cliwo\u015bci przes\u0142ania wiadomo\u015bci. Podanie pozosta\u0142ych danych ma charakter dobrowolny i nie ma wp\u0142ywu na mo\u017cliwo\u015b\u0107 przes\u0142ania wiadomo\u015bci.<\/p>\n<p>9. Przetwarzanie danych osobowych nie b\u0119dzie wi\u0105za\u0142o si\u0119 z podejmowaniem decyzji, opartych wy\u0142\u0105cznie na zautomatyzowanym przetwarzaniu, w tym profilowaniu.<\/p>\n","protected":false},"excerpt":{"rendered":"<p>Klauzula informacyjna Administratorem danych osobowych podanych w formularzu kontaktowym jest Rayner Sp. z o.o. Przestrzeganie zasad ochrony danych w Rayner PL\u2013 Rayner sp. z o. o. Centrum Praskie Koneser Plac Konesera 12, budynek M 03-736 Warszawa, nadzoruje wyznaczony Oficer Bezpiecze\u0144stwa Danych Osobowych, z kt\u00f3rym mo\u017cna skontaktowa\u0107 si\u0119 poprzez adres e-mail: biuro@rayner.com Pani \/ Pana dane<\/p>\n","protected":false},"author":6,"featured_media":0,"parent":0,"menu_order":0,"comment_status":"closed","ping_status":"closed","template":"","meta":{"_acf_changed":false,"inline_featured_image":false,"footnotes":""},"acf":[],"yoast_head":"<!-- This site is optimized with the Yoast SEO plugin v22.5 - https:\/\/yoast.com\/wordpress\/plugins\/seo\/ -->\n<title>Klauzula informacyjna - Rayner : Poland<\/title>\n<meta name=\"robots\" content=\"noindex, follow, max-snippet:-1, max-image-preview:large, max-video-preview:-1\" \/>\n<meta property=\"og:locale\" content=\"en_GB\" \/>\n<meta property=\"og:type\" content=\"article\" \/>\n<meta property=\"og:title\" content=\"Klauzula informacyjna - Rayner : Poland\" \/>\n<meta property=\"og:description\" content=\"Klauzula informacyjna Administratorem danych osobowych podanych w formularzu kontaktowym jest Rayner Sp. z o.o. Przestrzeganie zasad ochrony danych w Rayner PL\u2013 Rayner sp. z o. o. Centrum Praskie Koneser Plac Konesera 12, budynek M 03-736 Warszawa, nadzoruje wyznaczony Oficer Bezpiecze\u0144stwa Danych Osobowych, z kt\u00f3rym mo\u017cna skontaktowa\u0107 si\u0119 poprzez adres e-mail: biuro@rayner.com Pani \/ Pana dane\" \/>\n<meta property=\"og:url\" content=\"https:\/\/rayner.com\/pl\/klauzula-informacyjna\/\" \/>\n<meta property=\"og:site_name\" content=\"Rayner : Poland\" \/>\n<meta property=\"article:modified_time\" content=\"2022-07-14T14:18:01+00:00\" \/>\n<meta name=\"twitter:card\" content=\"summary_large_image\" \/>\n<meta name=\"twitter:label1\" content=\"Estimated reading time\" \/>\n\t<meta name=\"twitter:data1\" content=\"2 minutes\" \/>\n<script type=\"application\/ld+json\" class=\"yoast-schema-graph\">{\"@context\":\"https:\/\/schema.org\",\"@graph\":[{\"@type\":\"WebPage\",\"@id\":\"https:\/\/rayner.com\/pl\/klauzula-informacyjna\/\",\"url\":\"https:\/\/rayner.com\/pl\/klauzula-informacyjna\/\",\"name\":\"Klauzula informacyjna - Rayner : Poland\",\"isPartOf\":{\"@id\":\"https:\/\/rayner.com\/pl\/#website\"},\"datePublished\":\"2022-02-24T10:48:00+00:00\",\"dateModified\":\"2022-07-14T14:18:01+00:00\",\"inLanguage\":\"en-GB\",\"potentialAction\":[{\"@type\":\"ReadAction\",\"target\":[\"https:\/\/rayner.com\/pl\/klauzula-informacyjna\/\"]}]},{\"@type\":\"WebSite\",\"@id\":\"https:\/\/rayner.com\/pl\/#website\",\"url\":\"https:\/\/rayner.com\/pl\/\",\"name\":\"Rayner : Poland\",\"description\":\"Just another WordPress site\",\"potentialAction\":[{\"@type\":\"SearchAction\",\"target\":{\"@type\":\"EntryPoint\",\"urlTemplate\":\"https:\/\/rayner.com\/pl\/?s={search_term_string}\"},\"query-input\":\"required name=search_term_string\"}],\"inLanguage\":\"en-GB\"}]}<\/script>\n<!-- \/ Yoast SEO plugin. -->","yoast_head_json":{"title":"Klauzula informacyjna - Rayner : Poland","robots":{"index":"noindex","follow":"follow","max-snippet":"max-snippet:-1","max-image-preview":"max-image-preview:large","max-video-preview":"max-video-preview:-1"},"og_locale":"en_GB","og_type":"article","og_title":"Klauzula informacyjna - Rayner : Poland","og_description":"Klauzula informacyjna Administratorem danych osobowych podanych w formularzu kontaktowym jest Rayner Sp. z o.o. Przestrzeganie zasad ochrony danych w Rayner PL\u2013 Rayner sp. z o. o. Centrum Praskie Koneser Plac Konesera 12, budynek M 03-736 Warszawa, nadzoruje wyznaczony Oficer Bezpiecze\u0144stwa Danych Osobowych, z kt\u00f3rym mo\u017cna skontaktowa\u0107 si\u0119 poprzez adres e-mail: biuro@rayner.com Pani \/ Pana dane","og_url":"https:\/\/rayner.com\/pl\/klauzula-informacyjna\/","og_site_name":"Rayner : Poland","article_modified_time":"2022-07-14T14:18:01+00:00","twitter_card":"summary_large_image","twitter_misc":{"Estimated reading time":"2 minutes"},"schema":{"@context":"https:\/\/schema.org","@graph":[{"@type":"WebPage","@id":"https:\/\/rayner.com\/pl\/klauzula-informacyjna\/","url":"https:\/\/rayner.com\/pl\/klauzula-informacyjna\/","name":"Klauzula informacyjna - Rayner : Poland","isPartOf":{"@id":"https:\/\/rayner.com\/pl\/#website"},"datePublished":"2022-02-24T10:48:00+00:00","dateModified":"2022-07-14T14:18:01+00:00","inLanguage":"en-GB","potentialAction":[{"@type":"ReadAction","target":["https:\/\/rayner.com\/pl\/klauzula-informacyjna\/"]}]},{"@type":"WebSite","@id":"https:\/\/rayner.com\/pl\/#website","url":"https:\/\/rayner.com\/pl\/","name":"Rayner : Poland","description":"Just another WordPress site","potentialAction":[{"@type":"SearchAction","target":{"@type":"EntryPoint","urlTemplate":"https:\/\/rayner.com\/pl\/?s={search_term_string}"},"query-input":"required name=search_term_string"}],"inLanguage":"en-GB"}]}},"_links":{"self":[{"href":"https:\/\/rayner.com\/pl\/wp-json\/wp\/v2\/pages\/481"}],"collection":[{"href":"https:\/\/rayner.com\/pl\/wp-json\/wp\/v2\/pages"}],"about":[{"href":"https:\/\/rayner.com\/pl\/wp-json\/wp\/v2\/types\/page"}],"author":[{"embeddable":true,"href":"https:\/\/rayner.com\/pl\/wp-json\/wp\/v2\/users\/6"}],"replies":[{"embeddable":true,"href":"https:\/\/rayner.com\/pl\/wp-json\/wp\/v2\/comments?post=481"}],"version-history":[{"count":4,"href":"https:\/\/rayner.com\/pl\/wp-json\/wp\/v2\/pages\/481\/revisions"}],"predecessor-version":[{"id":492,"href":"https:\/\/rayner.com\/pl\/wp-json\/wp\/v2\/pages\/481\/revisions\/492"}],"wp:attachment":[{"href":"https:\/\/rayner.com\/pl\/wp-json\/wp\/v2\/media?parent=481"}],"curies":[{"name":"wp","href":"https:\/\/api.w.org\/{rel}","templated":true}]}}