{"id":521,"date":"2023-05-15T10:25:11","date_gmt":"2023-05-15T10:25:11","guid":{"rendered":"https:\/\/rayner.com\/pl\/?page_id=521"},"modified":"2023-05-15T10:25:49","modified_gmt":"2023-05-15T10:25:49","slug":"niedostepne","status":"publish","type":"page","link":"https:\/\/rayner.com\/pl\/niedostepne\/","title":{"rendered":"Niedost\u0119pne"},"content":{"rendered":"<h3 class=\"ql-block\" data-block-id=\"block-275f8b10-dd62-41d6-90a6-6884ac11376b\">Przepraszamy, ta strona jest obecnie niedost\u0119pna.<\/h3>\n<div class=\"ql-block\" data-block-id=\"block-58bfd736-bccc-482b-b326-6a11742fadcf\"><\/div>\n<div class=\"ql-block\" data-block-id=\"block-6e361507-9167-4732-9dca-cf3f40792f4a\">Wygl\u0105da na to, \u017ce nie masz wymaganych uprawnie\u0144 dost\u0119pu do tej strony. Je\u015bli uwa\u017casz, \u017ce powiniene\u015b mie\u0107 dost\u0119p, skontaktuj si\u0119 z nami (<a class=\"ql-link\" href=\"mailto:enquiries@rayner.com\" target=\"_blank\" rel=\"noopener noreferrer\">enquiries@rayner.com<\/a>) w celu uzyskania dalszej pomocy.<\/div>\n<div class=\"ql-block\" data-block-id=\"block-59dbff12-c177-44b4-940a-32a6aa5f08e2\"><\/div>\n<div class=\"ql-block\" data-block-id=\"block-6e67247f-d9d9-4623-af79-63a31655f849\">Przepraszamy za wszelkie niedogodno\u015bci i dzi\u0119kujemy za zrozumienie.<\/div>\n<div data-block-id=\"block-6e67247f-d9d9-4623-af79-63a31655f849\"><\/div>\n","protected":false},"excerpt":{"rendered":"<p>Przepraszamy, ta strona jest obecnie niedost\u0119pna. Wygl\u0105da na to, \u017ce nie masz wymaganych uprawnie\u0144 dost\u0119pu do tej strony. Je\u015bli uwa\u017casz, \u017ce powiniene\u015b mie\u0107 dost\u0119p, skontaktuj si\u0119 z nami (enquiries@rayner.com) w celu uzyskania dalszej pomocy. Przepraszamy za wszelkie niedogodno\u015bci i dzi\u0119kujemy za zrozumienie.<\/p>\n","protected":false},"author":300,"featured_media":0,"parent":0,"menu_order":0,"comment_status":"closed","ping_status":"closed","template":"","meta":{"_acf_changed":false,"inline_featured_image":false,"footnotes":""},"acf":[],"yoast_head":"<!-- This site is optimized with the Yoast SEO plugin v22.5 - https:\/\/yoast.com\/wordpress\/plugins\/seo\/ -->\n<title>Niedost\u0119pne - Rayner : Poland<\/title>\n<meta name=\"robots\" content=\"noindex, follow, max-snippet:-1, max-image-preview:large, max-video-preview:-1\" \/>\n<meta property=\"og:locale\" content=\"en_GB\" \/>\n<meta property=\"og:type\" content=\"article\" \/>\n<meta property=\"og:title\" content=\"Niedost\u0119pne - Rayner : Poland\" \/>\n<meta property=\"og:description\" content=\"Przepraszamy, ta strona jest obecnie niedost\u0119pna. Wygl\u0105da na to, \u017ce nie masz wymaganych uprawnie\u0144 dost\u0119pu do tej strony. Je\u015bli uwa\u017casz, \u017ce powiniene\u015b mie\u0107 dost\u0119p, skontaktuj si\u0119 z nami (enquiries@rayner.com) w celu uzyskania dalszej pomocy. Przepraszamy za wszelkie niedogodno\u015bci i dzi\u0119kujemy za zrozumienie.\" \/>\n<meta property=\"og:url\" content=\"https:\/\/rayner.com\/pl\/niedostepne\/\" \/>\n<meta property=\"og:site_name\" content=\"Rayner : Poland\" \/>\n<meta property=\"article:modified_time\" content=\"2023-05-15T10:25:49+00:00\" \/>\n<meta name=\"twitter:card\" content=\"summary_large_image\" \/>\n<meta name=\"twitter:label1\" content=\"Estimated reading time\" \/>\n\t<meta name=\"twitter:data1\" content=\"1 minute\" \/>\n<script type=\"application\/ld+json\" class=\"yoast-schema-graph\">{\"@context\":\"https:\/\/schema.org\",\"@graph\":[{\"@type\":\"WebPage\",\"@id\":\"https:\/\/rayner.com\/pl\/niedostepne\/\",\"url\":\"https:\/\/rayner.com\/pl\/niedostepne\/\",\"name\":\"Niedost\u0119pne - Rayner : Poland\",\"isPartOf\":{\"@id\":\"https:\/\/rayner.com\/pl\/#website\"},\"datePublished\":\"2023-05-15T10:25:11+00:00\",\"dateModified\":\"2023-05-15T10:25:49+00:00\",\"inLanguage\":\"en-GB\",\"potentialAction\":[{\"@type\":\"ReadAction\",\"target\":[\"https:\/\/rayner.com\/pl\/niedostepne\/\"]}]},{\"@type\":\"WebSite\",\"@id\":\"https:\/\/rayner.com\/pl\/#website\",\"url\":\"https:\/\/rayner.com\/pl\/\",\"name\":\"Rayner : Poland\",\"description\":\"Just another WordPress site\",\"potentialAction\":[{\"@type\":\"SearchAction\",\"target\":{\"@type\":\"EntryPoint\",\"urlTemplate\":\"https:\/\/rayner.com\/pl\/?s={search_term_string}\"},\"query-input\":\"required name=search_term_string\"}],\"inLanguage\":\"en-GB\"}]}<\/script>\n<!-- \/ Yoast SEO plugin. -->","yoast_head_json":{"title":"Niedost\u0119pne - Rayner : Poland","robots":{"index":"noindex","follow":"follow","max-snippet":"max-snippet:-1","max-image-preview":"max-image-preview:large","max-video-preview":"max-video-preview:-1"},"og_locale":"en_GB","og_type":"article","og_title":"Niedost\u0119pne - Rayner : Poland","og_description":"Przepraszamy, ta strona jest obecnie niedost\u0119pna. Wygl\u0105da na to, \u017ce nie masz wymaganych uprawnie\u0144 dost\u0119pu do tej strony. Je\u015bli uwa\u017casz, \u017ce powiniene\u015b mie\u0107 dost\u0119p, skontaktuj si\u0119 z nami (enquiries@rayner.com) w celu uzyskania dalszej pomocy. Przepraszamy za wszelkie niedogodno\u015bci i dzi\u0119kujemy za zrozumienie.","og_url":"https:\/\/rayner.com\/pl\/niedostepne\/","og_site_name":"Rayner : Poland","article_modified_time":"2023-05-15T10:25:49+00:00","twitter_card":"summary_large_image","twitter_misc":{"Estimated reading time":"1 minute"},"schema":{"@context":"https:\/\/schema.org","@graph":[{"@type":"WebPage","@id":"https:\/\/rayner.com\/pl\/niedostepne\/","url":"https:\/\/rayner.com\/pl\/niedostepne\/","name":"Niedost\u0119pne - Rayner : Poland","isPartOf":{"@id":"https:\/\/rayner.com\/pl\/#website"},"datePublished":"2023-05-15T10:25:11+00:00","dateModified":"2023-05-15T10:25:49+00:00","inLanguage":"en-GB","potentialAction":[{"@type":"ReadAction","target":["https:\/\/rayner.com\/pl\/niedostepne\/"]}]},{"@type":"WebSite","@id":"https:\/\/rayner.com\/pl\/#website","url":"https:\/\/rayner.com\/pl\/","name":"Rayner : Poland","description":"Just another WordPress site","potentialAction":[{"@type":"SearchAction","target":{"@type":"EntryPoint","urlTemplate":"https:\/\/rayner.com\/pl\/?s={search_term_string}"},"query-input":"required name=search_term_string"}],"inLanguage":"en-GB"}]}},"_links":{"self":[{"href":"https:\/\/rayner.com\/pl\/wp-json\/wp\/v2\/pages\/521"}],"collection":[{"href":"https:\/\/rayner.com\/pl\/wp-json\/wp\/v2\/pages"}],"about":[{"href":"https:\/\/rayner.com\/pl\/wp-json\/wp\/v2\/types\/page"}],"author":[{"embeddable":true,"href":"https:\/\/rayner.com\/pl\/wp-json\/wp\/v2\/users\/300"}],"replies":[{"embeddable":true,"href":"https:\/\/rayner.com\/pl\/wp-json\/wp\/v2\/comments?post=521"}],"version-history":[{"count":3,"href":"https:\/\/rayner.com\/pl\/wp-json\/wp\/v2\/pages\/521\/revisions"}],"predecessor-version":[{"id":524,"href":"https:\/\/rayner.com\/pl\/wp-json\/wp\/v2\/pages\/521\/revisions\/524"}],"wp:attachment":[{"href":"https:\/\/rayner.com\/pl\/wp-json\/wp\/v2\/media?parent=521"}],"curies":[{"name":"wp","href":"https:\/\/api.w.org\/{rel}","templated":true}]}}